{"id":12,"date":"2020-07-21T11:50:00","date_gmt":"2020-07-21T11:50:00","guid":{"rendered":"https:\/\/mzagorski.h2g.pl\/be\/clothing2\/cart\/"},"modified":"2022-12-22T17:30:54","modified_gmt":"2022-12-22T14:30:54","slug":"cart","status":"publish","type":"page","link":"https:\/\/balecca.com\/tr\/cart\/","title":{"rendered":"Sepetiniz"},"content":{"rendered":"\n","protected":false},"excerpt":{"rendered":"","protected":false},"author":1,"featured_media":0,"parent":0,"menu_order":0,"comment_status":"open","ping_status":"closed","template":"","meta":{"footnotes":""},"class_list":["post-12","page","type-page","status-publish","hentry"],"yoast_head":"<!-- This site is optimized with the Yoast SEO plugin v27.3 - https:\/\/yoast.com\/product\/yoast-seo-wordpress\/ -->\n<title>Sepetiniz - Balecca Ayakab\u0131<\/title>\n<meta name=\"robots\" content=\"index, follow, max-snippet:-1, max-image-preview:large, max-video-preview:-1\" \/>\n<link rel=\"canonical\" href=\"https:\/\/balecca.com\/tr\/cart\/\" \/>\n<meta property=\"og:locale\" content=\"tr_TR\" \/>\n<meta property=\"og:type\" content=\"article\" \/>\n<meta property=\"og:title\" content=\"Sepetiniz - Balecca Ayakab\u0131\" \/>\n<meta property=\"og:url\" content=\"https:\/\/balecca.com\/tr\/cart\/\" \/>\n<meta property=\"og:site_name\" content=\"Balecca Ayakab\u0131\" \/>\n<meta property=\"article:modified_time\" content=\"2022-12-22T14:30:54+00:00\" \/>\n<meta name=\"twitter:card\" content=\"summary_large_image\" \/>\n<script type=\"application\/ld+json\" class=\"yoast-schema-graph\">{\"@context\":\"https:\\\/\\\/schema.org\",\"@graph\":[{\"@type\":\"WebPage\",\"@id\":\"https:\\\/\\\/balecca.com\\\/tr\\\/cart\\\/\",\"url\":\"https:\\\/\\\/balecca.com\\\/tr\\\/cart\\\/\",\"name\":\"Sepetiniz - Balecca Ayakab\u0131\",\"isPartOf\":{\"@id\":\"https:\\\/\\\/balecca.com\\\/tr\\\/#website\"},\"datePublished\":\"2020-07-21T11:50:00+00:00\",\"dateModified\":\"2022-12-22T14:30:54+00:00\",\"breadcrumb\":{\"@id\":\"https:\\\/\\\/balecca.com\\\/tr\\\/cart\\\/#breadcrumb\"},\"inLanguage\":\"tr\",\"potentialAction\":[{\"@type\":\"ReadAction\",\"target\":[\"https:\\\/\\\/balecca.com\\\/tr\\\/cart\\\/\"]}]},{\"@type\":\"BreadcrumbList\",\"@id\":\"https:\\\/\\\/balecca.com\\\/tr\\\/cart\\\/#breadcrumb\",\"itemListElement\":[{\"@type\":\"ListItem\",\"position\":1,\"name\":\"Anasayfa\",\"item\":\"https:\\\/\\\/balecca.com\\\/tr\\\/\"},{\"@type\":\"ListItem\",\"position\":2,\"name\":\"Sepetiniz\"}]},{\"@type\":\"WebSite\",\"@id\":\"https:\\\/\\\/balecca.com\\\/tr\\\/#website\",\"url\":\"https:\\\/\\\/balecca.com\\\/tr\\\/\",\"name\":\"Balecca Ayakab\u0131\",\"description\":\"Ayakkab\u0131, Aksesuar, Erkek Ayakkab\u0131, Kad\u0131n Ayakkab\u0131\",\"publisher\":{\"@id\":\"https:\\\/\\\/balecca.com\\\/tr\\\/#organization\"},\"potentialAction\":[{\"@type\":\"SearchAction\",\"target\":{\"@type\":\"EntryPoint\",\"urlTemplate\":\"https:\\\/\\\/balecca.com\\\/tr\\\/?s={search_term_string}\"},\"query-input\":{\"@type\":\"PropertyValueSpecification\",\"valueRequired\":true,\"valueName\":\"search_term_string\"}}],\"inLanguage\":\"tr\"},{\"@type\":\"Organization\",\"@id\":\"https:\\\/\\\/balecca.com\\\/tr\\\/#organization\",\"name\":\"Balecca Ayakab\u0131\",\"url\":\"https:\\\/\\\/balecca.com\\\/tr\\\/\",\"logo\":{\"@type\":\"ImageObject\",\"inLanguage\":\"tr\",\"@id\":\"https:\\\/\\\/balecca.com\\\/tr\\\/#\\\/schema\\\/logo\\\/image\\\/\",\"url\":\"https:\\\/\\\/balecca.com\\\/tr\\\/wp-content\\\/uploads\\\/2022\\\/12\\\/cropped-VIELSIS.png\",\"contentUrl\":\"https:\\\/\\\/balecca.com\\\/tr\\\/wp-content\\\/uploads\\\/2022\\\/12\\\/cropped-VIELSIS.png\",\"width\":563,\"height\":188,\"caption\":\"Balecca Ayakab\u0131\"},\"image\":{\"@id\":\"https:\\\/\\\/balecca.com\\\/tr\\\/#\\\/schema\\\/logo\\\/image\\\/\"},\"sameAs\":[\"https:\\\/\\\/www.instagram.com\\\/balecca_tr\\\/\"]}]}<\/script>\n<!-- \/ Yoast SEO plugin. -->","yoast_head_json":{"title":"Sepetiniz - Balecca Ayakab\u0131","robots":{"index":"index","follow":"follow","max-snippet":"max-snippet:-1","max-image-preview":"max-image-preview:large","max-video-preview":"max-video-preview:-1"},"canonical":"https:\/\/balecca.com\/tr\/cart\/","og_locale":"tr_TR","og_type":"article","og_title":"Sepetiniz - Balecca Ayakab\u0131","og_url":"https:\/\/balecca.com\/tr\/cart\/","og_site_name":"Balecca Ayakab\u0131","article_modified_time":"2022-12-22T14:30:54+00:00","twitter_card":"summary_large_image","schema":{"@context":"https:\/\/schema.org","@graph":[{"@type":"WebPage","@id":"https:\/\/balecca.com\/tr\/cart\/","url":"https:\/\/balecca.com\/tr\/cart\/","name":"Sepetiniz - Balecca Ayakab\u0131","isPartOf":{"@id":"https:\/\/balecca.com\/tr\/#website"},"datePublished":"2020-07-21T11:50:00+00:00","dateModified":"2022-12-22T14:30:54+00:00","breadcrumb":{"@id":"https:\/\/balecca.com\/tr\/cart\/#breadcrumb"},"inLanguage":"tr","potentialAction":[{"@type":"ReadAction","target":["https:\/\/balecca.com\/tr\/cart\/"]}]},{"@type":"BreadcrumbList","@id":"https:\/\/balecca.com\/tr\/cart\/#breadcrumb","itemListElement":[{"@type":"ListItem","position":1,"name":"Anasayfa","item":"https:\/\/balecca.com\/tr\/"},{"@type":"ListItem","position":2,"name":"Sepetiniz"}]},{"@type":"WebSite","@id":"https:\/\/balecca.com\/tr\/#website","url":"https:\/\/balecca.com\/tr\/","name":"Balecca Ayakab\u0131","description":"Ayakkab\u0131, Aksesuar, Erkek Ayakkab\u0131, Kad\u0131n Ayakkab\u0131","publisher":{"@id":"https:\/\/balecca.com\/tr\/#organization"},"potentialAction":[{"@type":"SearchAction","target":{"@type":"EntryPoint","urlTemplate":"https:\/\/balecca.com\/tr\/?s={search_term_string}"},"query-input":{"@type":"PropertyValueSpecification","valueRequired":true,"valueName":"search_term_string"}}],"inLanguage":"tr"},{"@type":"Organization","@id":"https:\/\/balecca.com\/tr\/#organization","name":"Balecca Ayakab\u0131","url":"https:\/\/balecca.com\/tr\/","logo":{"@type":"ImageObject","inLanguage":"tr","@id":"https:\/\/balecca.com\/tr\/#\/schema\/logo\/image\/","url":"https:\/\/balecca.com\/tr\/wp-content\/uploads\/2022\/12\/cropped-VIELSIS.png","contentUrl":"https:\/\/balecca.com\/tr\/wp-content\/uploads\/2022\/12\/cropped-VIELSIS.png","width":563,"height":188,"caption":"Balecca Ayakab\u0131"},"image":{"@id":"https:\/\/balecca.com\/tr\/#\/schema\/logo\/image\/"},"sameAs":["https:\/\/www.instagram.com\/balecca_tr\/"]}]}},"jetpack_sharing_enabled":true,"_links":{"self":[{"href":"https:\/\/balecca.com\/tr\/wp-json\/wp\/v2\/pages\/12","targetHints":{"allow":["GET"]}}],"collection":[{"href":"https:\/\/balecca.com\/tr\/wp-json\/wp\/v2\/pages"}],"about":[{"href":"https:\/\/balecca.com\/tr\/wp-json\/wp\/v2\/types\/page"}],"author":[{"embeddable":true,"href":"https:\/\/balecca.com\/tr\/wp-json\/wp\/v2\/users\/1"}],"replies":[{"embeddable":true,"href":"https:\/\/balecca.com\/tr\/wp-json\/wp\/v2\/comments?post=12"}],"version-history":[{"count":1,"href":"https:\/\/balecca.com\/tr\/wp-json\/wp\/v2\/pages\/12\/revisions"}],"predecessor-version":[{"id":463,"href":"https:\/\/balecca.com\/tr\/wp-json\/wp\/v2\/pages\/12\/revisions\/463"}],"wp:attachment":[{"href":"https:\/\/balecca.com\/tr\/wp-json\/wp\/v2\/media?parent=12"}],"curies":[{"name":"wp","href":"https:\/\/api.w.org\/{rel}","templated":true}]}}