{"id":138,"date":"2020-07-29T07:32:24","date_gmt":"2020-07-29T07:32:24","guid":{"rendered":"https:\/\/mzagorski.h2g.pl\/be\/clothing2\/?page_id=138"},"modified":"2023-03-27T14:42:44","modified_gmt":"2023-03-27T11:42:44","slug":"contact-with-us","status":"publish","type":"page","link":"https:\/\/balecca.com\/tr\/contact-with-us\/","title":{"rendered":"\u0130leti\u015fim"},"content":{"rendered":"\t\t<div data-elementor-type=\"wp-page\" data-elementor-id=\"138\" class=\"elementor elementor-138\">\n\t\t\t\t\t\t<section class=\"elementor-section elementor-top-section elementor-element elementor-element-4a8f3d3 elementor-section-stretched elementor-section-boxed elementor-section-height-default elementor-section-height-default\" data-id=\"4a8f3d3\" data-element_type=\"section\" data-e-type=\"section\" data-settings=\"{&quot;stretch_section&quot;:&quot;section-stretched&quot;}\">\n\t\t\t\t\t\t<div class=\"elementor-container elementor-column-gap-wider\">\n\t\t\t\t\t<div class=\"elementor-column elementor-col-100 elementor-top-column elementor-element elementor-element-9fd9c1b\" data-id=\"9fd9c1b\" data-element_type=\"column\" data-e-type=\"column\">\n\t\t\t<div class=\"elementor-widget-wrap elementor-element-populated\">\n\t\t\t\t\t\t<section class=\"elementor-section elementor-inner-section elementor-element elementor-element-f37e4cf elementor-section-boxed elementor-section-height-default elementor-section-height-default\" data-id=\"f37e4cf\" data-element_type=\"section\" data-e-type=\"section\">\n\t\t\t\t\t\t<div class=\"elementor-container elementor-column-gap-default\">\n\t\t\t\t\t<div class=\"elementor-column elementor-col-33 elementor-inner-column elementor-element elementor-element-880ecf5\" data-id=\"880ecf5\" data-element_type=\"column\" data-e-type=\"column\">\n\t\t\t<div class=\"elementor-widget-wrap elementor-element-populated\">\n\t\t\t\t\t\t<div class=\"elementor-element elementor-element-27f77ce elementor-widget elementor-widget-text-editor\" data-id=\"27f77ce\" data-element_type=\"widget\" data-e-type=\"widget\" data-widget_type=\"text-editor.default\">\n\t\t\t\t<div class=\"elementor-widget-container\">\n\t\t\t\t\t\t\t\t\t<h6>Adres Bilgileri<\/h6><h3>6152 Sk. No:20\/A Egemenlik Mh. Bornova \u0130zmir\u00a0|\u00a0T\u00dcRK\u0130YE<\/h3>\t\t\t\t\t\t\t\t<\/div>\n\t\t\t\t<\/div>\n\t\t\t\t\t<\/div>\n\t\t<\/div>\n\t\t\t\t<div class=\"elementor-column elementor-col-33 elementor-inner-column elementor-element elementor-element-baaa24f\" data-id=\"baaa24f\" data-element_type=\"column\" data-e-type=\"column\">\n\t\t\t<div class=\"elementor-widget-wrap elementor-element-populated\">\n\t\t\t\t\t\t<div class=\"elementor-element elementor-element-860d721 elementor-widget elementor-widget-text-editor\" data-id=\"860d721\" data-element_type=\"widget\" data-e-type=\"widget\" data-widget_type=\"text-editor.default\">\n\t\t\t\t<div class=\"elementor-widget-container\">\n\t\t\t\t\t\t\t\t\t<h6>Pazartesi \u2013 Cuma<\/h6><h4>09:00 &#8211; 17:00<\/h4>\t\t\t\t\t\t\t\t<\/div>\n\t\t\t\t<\/div>\n\t\t\t\t<div class=\"elementor-element elementor-element-cda348f elementor-widget elementor-widget-text-editor\" data-id=\"cda348f\" data-element_type=\"widget\" data-e-type=\"widget\" data-widget_type=\"text-editor.default\">\n\t\t\t\t<div class=\"elementor-widget-container\">\n\t\t\t\t\t\t\t\t\t<h6>Cumartesi \u2013 Pazar<\/h6><h4>11:00 &#8211; 14:00<\/h4>\t\t\t\t\t\t\t\t<\/div>\n\t\t\t\t<\/div>\n\t\t\t\t\t<\/div>\n\t\t<\/div>\n\t\t\t\t<div class=\"elementor-column elementor-col-33 elementor-inner-column elementor-element elementor-element-076a00a\" data-id=\"076a00a\" data-element_type=\"column\" data-e-type=\"column\">\n\t\t\t<div class=\"elementor-widget-wrap elementor-element-populated\">\n\t\t\t\t\t\t<div class=\"elementor-element elementor-element-3d1a111 elementor-widget elementor-widget-text-editor\" data-id=\"3d1a111\" data-element_type=\"widget\" data-e-type=\"widget\" data-widget_type=\"text-editor.default\">\n\t\t\t\t<div class=\"elementor-widget-container\">\n\t\t\t\t\t\t\t\t\t<h4>\u0130stek ve \u00f6nerileriniz i\u00e7in bize ula\u015fabilirsiniz.<\/h4><h5><i class=\"icon-mobile\" style=\"\" aria-hidden=\"true\"><\/i> +90 530 153 16 01<\/h5><h5><i class=\"icon-mail\" style=\"\" aria-hidden=\"true\"><\/i> <a href=\"#\">info@balecca.com<\/a><\/h5>\t\t\t\t\t\t\t\t<\/div>\n\t\t\t\t<\/div>\n\t\t\t\t\t<\/div>\n\t\t<\/div>\n\t\t\t\t\t<\/div>\n\t\t<\/section>\n\t\t\t\t<section class=\"elementor-section elementor-inner-section elementor-element elementor-element-4cff2c7 elementor-section-boxed elementor-section-height-default elementor-section-height-default\" data-id=\"4cff2c7\" data-element_type=\"section\" data-e-type=\"section\">\n\t\t\t\t\t\t<div class=\"elementor-container elementor-column-gap-default\">\n\t\t\t\t\t<div class=\"elementor-column elementor-col-100 elementor-inner-column elementor-element elementor-element-72cce46\" data-id=\"72cce46\" data-element_type=\"column\" data-e-type=\"column\">\n\t\t\t<div class=\"elementor-widget-wrap elementor-element-populated\">\n\t\t\t\t\t\t<div class=\"elementor-element elementor-element-9373876 elementor-widget elementor-widget-spacer\" data-id=\"9373876\" data-element_type=\"widget\" data-e-type=\"widget\" data-widget_type=\"spacer.default\">\n\t\t\t\t<div class=\"elementor-widget-container\">\n\t\t\t\t\t\t\t<div class=\"elementor-spacer\">\n\t\t\t<div class=\"elementor-spacer-inner\"><\/div>\n\t\t<\/div>\n\t\t\t\t\t\t<\/div>\n\t\t\t\t<\/div>\n\t\t\t\t<div class=\"elementor-element elementor-element-ce626f7 elementor-widget elementor-widget-image\" data-id=\"ce626f7\" data-element_type=\"widget\" data-e-type=\"widget\" data-widget_type=\"image.default\">\n\t\t\t\t<div class=\"elementor-widget-container\">\n\t\t\t\t\t\t\t\t\t\t\t\t\t\t\t<img fetchpriority=\"high\" decoding=\"async\" width=\"1024\" height=\"446\" src=\"https:\/\/balecca.com\/tr\/wp-content\/uploads\/2022\/12\/Adsiz-tasarim-2-1024x446.png\" class=\"attachment-large size-large wp-image-418\" alt=\"\" srcset=\"https:\/\/balecca.com\/tr\/wp-content\/uploads\/2022\/12\/Adsiz-tasarim-2-1024x446.png 1024w, https:\/\/balecca.com\/tr\/wp-content\/uploads\/2022\/12\/Adsiz-tasarim-2-300x131.png 300w, https:\/\/balecca.com\/tr\/wp-content\/uploads\/2022\/12\/Adsiz-tasarim-2-768x335.png 768w, https:\/\/balecca.com\/tr\/wp-content\/uploads\/2022\/12\/Adsiz-tasarim-2-260x113.png 260w, https:\/\/balecca.com\/tr\/wp-content\/uploads\/2022\/12\/Adsiz-tasarim-2-50x22.png 50w, https:\/\/balecca.com\/tr\/wp-content\/uploads\/2022\/12\/Adsiz-tasarim-2-150x65.png 150w, https:\/\/balecca.com\/tr\/wp-content\/uploads\/2022\/12\/Adsiz-tasarim-2-800x349.png 800w, https:\/\/balecca.com\/tr\/wp-content\/uploads\/2022\/12\/Adsiz-tasarim-2.png 1081w\" sizes=\"(max-width:767px) 480px, (max-width:1024px) 100vw, 1024px\" \/>\t\t\t\t\t\t\t\t\t\t\t\t\t\t\t<\/div>\n\t\t\t\t<\/div>\n\t\t\t\t\t<\/div>\n\t\t<\/div>\n\t\t\t\t\t<\/div>\n\t\t<\/section>\n\t\t\t\t\t<\/div>\n\t\t<\/div>\n\t\t\t\t\t<\/div>\n\t\t<\/section>\n\t\t\t\t<\/div>\n\t\t","protected":false},"excerpt":{"rendered":"<p>Adres Bilgileri 6152 Sk. No:20\/A Egemenlik Mh. Bornova \u0130zmir\u00a0|\u00a0T\u00dcRK\u0130YE Pazartesi \u2013 Cuma 09:00 &#8211; 17:00 Cumartesi \u2013 Pazar 11:00 &#8211; 14:00 \u0130stek ve \u00f6nerileriniz i\u00e7in bize<span class=\"excerpt-hellip\"> [\u2026]<\/span><\/p>\n","protected":false},"author":1,"featured_media":0,"parent":0,"menu_order":0,"comment_status":"open","ping_status":"closed","template":"","meta":{"footnotes":""},"class_list":["post-138","page","type-page","status-publish","hentry"],"yoast_head":"<!-- This site is optimized with the Yoast SEO plugin v27.5 - https:\/\/yoast.com\/product\/yoast-seo-wordpress\/ -->\n<title>\u0130leti\u015fim - Balecca Ayakab\u0131<\/title>\n<meta name=\"robots\" content=\"index, follow, max-snippet:-1, max-image-preview:large, max-video-preview:-1\" \/>\n<link rel=\"canonical\" href=\"https:\/\/balecca.com\/tr\/contact-with-us\/\" \/>\n<meta property=\"og:locale\" content=\"tr_TR\" \/>\n<meta property=\"og:type\" content=\"article\" \/>\n<meta property=\"og:title\" content=\"\u0130leti\u015fim - Balecca Ayakab\u0131\" \/>\n<meta property=\"og:description\" content=\"Adres Bilgileri 6152 Sk. No:20\/A Egemenlik Mh. Bornova \u0130zmir\u00a0|\u00a0T\u00dcRK\u0130YE Pazartesi \u2013 Cuma 09:00 &#8211; 17:00 Cumartesi \u2013 Pazar 11:00 &#8211; 14:00 \u0130stek ve \u00f6nerileriniz i\u00e7in bize [\u2026]\" \/>\n<meta property=\"og:url\" content=\"https:\/\/balecca.com\/tr\/contact-with-us\/\" \/>\n<meta property=\"og:site_name\" content=\"Balecca Ayakab\u0131\" \/>\n<meta property=\"article:modified_time\" content=\"2023-03-27T11:42:44+00:00\" \/>\n<meta property=\"og:image\" content=\"https:\/\/balecca.com\/tr\/wp-content\/uploads\/2022\/12\/Adsiz-tasarim-2-1024x446.png\" \/>\n<meta name=\"twitter:card\" content=\"summary_large_image\" \/>\n<meta name=\"twitter:label1\" content=\"Tahmini okuma s\u00fcresi\" \/>\n\t<meta name=\"twitter:data1\" content=\"1 dakika\" \/>\n<script type=\"application\/ld+json\" class=\"yoast-schema-graph\">{\"@context\":\"https:\\\/\\\/schema.org\",\"@graph\":[{\"@type\":\"WebPage\",\"@id\":\"https:\\\/\\\/balecca.com\\\/tr\\\/contact-with-us\\\/\",\"url\":\"https:\\\/\\\/balecca.com\\\/tr\\\/contact-with-us\\\/\",\"name\":\"\u0130leti\u015fim - Balecca Ayakab\u0131\",\"isPartOf\":{\"@id\":\"https:\\\/\\\/balecca.com\\\/tr\\\/#website\"},\"primaryImageOfPage\":{\"@id\":\"https:\\\/\\\/balecca.com\\\/tr\\\/contact-with-us\\\/#primaryimage\"},\"image\":{\"@id\":\"https:\\\/\\\/balecca.com\\\/tr\\\/contact-with-us\\\/#primaryimage\"},\"thumbnailUrl\":\"https:\\\/\\\/balecca.com\\\/tr\\\/wp-content\\\/uploads\\\/2022\\\/12\\\/Adsiz-tasarim-2-1024x446.png\",\"datePublished\":\"2020-07-29T07:32:24+00:00\",\"dateModified\":\"2023-03-27T11:42:44+00:00\",\"breadcrumb\":{\"@id\":\"https:\\\/\\\/balecca.com\\\/tr\\\/contact-with-us\\\/#breadcrumb\"},\"inLanguage\":\"tr\",\"potentialAction\":[{\"@type\":\"ReadAction\",\"target\":[\"https:\\\/\\\/balecca.com\\\/tr\\\/contact-with-us\\\/\"]}]},{\"@type\":\"ImageObject\",\"inLanguage\":\"tr\",\"@id\":\"https:\\\/\\\/balecca.com\\\/tr\\\/contact-with-us\\\/#primaryimage\",\"url\":\"https:\\\/\\\/balecca.com\\\/tr\\\/wp-content\\\/uploads\\\/2022\\\/12\\\/Adsiz-tasarim-2.png\",\"contentUrl\":\"https:\\\/\\\/balecca.com\\\/tr\\\/wp-content\\\/uploads\\\/2022\\\/12\\\/Adsiz-tasarim-2.png\",\"width\":1081,\"height\":471},{\"@type\":\"BreadcrumbList\",\"@id\":\"https:\\\/\\\/balecca.com\\\/tr\\\/contact-with-us\\\/#breadcrumb\",\"itemListElement\":[{\"@type\":\"ListItem\",\"position\":1,\"name\":\"Anasayfa\",\"item\":\"https:\\\/\\\/balecca.com\\\/tr\\\/\"},{\"@type\":\"ListItem\",\"position\":2,\"name\":\"\u0130leti\u015fim\"}]},{\"@type\":\"WebSite\",\"@id\":\"https:\\\/\\\/balecca.com\\\/tr\\\/#website\",\"url\":\"https:\\\/\\\/balecca.com\\\/tr\\\/\",\"name\":\"Balecca Ayakab\u0131\",\"description\":\"Ayakkab\u0131, Aksesuar, Erkek Ayakkab\u0131, Kad\u0131n Ayakkab\u0131\",\"publisher\":{\"@id\":\"https:\\\/\\\/balecca.com\\\/tr\\\/#organization\"},\"potentialAction\":[{\"@type\":\"SearchAction\",\"target\":{\"@type\":\"EntryPoint\",\"urlTemplate\":\"https:\\\/\\\/balecca.com\\\/tr\\\/?s={search_term_string}\"},\"query-input\":{\"@type\":\"PropertyValueSpecification\",\"valueRequired\":true,\"valueName\":\"search_term_string\"}}],\"inLanguage\":\"tr\"},{\"@type\":\"Organization\",\"@id\":\"https:\\\/\\\/balecca.com\\\/tr\\\/#organization\",\"name\":\"Balecca Ayakab\u0131\",\"url\":\"https:\\\/\\\/balecca.com\\\/tr\\\/\",\"logo\":{\"@type\":\"ImageObject\",\"inLanguage\":\"tr\",\"@id\":\"https:\\\/\\\/balecca.com\\\/tr\\\/#\\\/schema\\\/logo\\\/image\\\/\",\"url\":\"https:\\\/\\\/balecca.com\\\/tr\\\/wp-content\\\/uploads\\\/2022\\\/12\\\/cropped-VIELSIS.png\",\"contentUrl\":\"https:\\\/\\\/balecca.com\\\/tr\\\/wp-content\\\/uploads\\\/2022\\\/12\\\/cropped-VIELSIS.png\",\"width\":563,\"height\":188,\"caption\":\"Balecca Ayakab\u0131\"},\"image\":{\"@id\":\"https:\\\/\\\/balecca.com\\\/tr\\\/#\\\/schema\\\/logo\\\/image\\\/\"},\"sameAs\":[\"https:\\\/\\\/www.instagram.com\\\/balecca_tr\\\/\"]}]}<\/script>\n<!-- \/ Yoast SEO plugin. -->","yoast_head_json":{"title":"\u0130leti\u015fim - Balecca Ayakab\u0131","robots":{"index":"index","follow":"follow","max-snippet":"max-snippet:-1","max-image-preview":"max-image-preview:large","max-video-preview":"max-video-preview:-1"},"canonical":"https:\/\/balecca.com\/tr\/contact-with-us\/","og_locale":"tr_TR","og_type":"article","og_title":"\u0130leti\u015fim - Balecca Ayakab\u0131","og_description":"Adres Bilgileri 6152 Sk. No:20\/A Egemenlik Mh. Bornova \u0130zmir\u00a0|\u00a0T\u00dcRK\u0130YE Pazartesi \u2013 Cuma 09:00 &#8211; 17:00 Cumartesi \u2013 Pazar 11:00 &#8211; 14:00 \u0130stek ve \u00f6nerileriniz i\u00e7in bize [\u2026]","og_url":"https:\/\/balecca.com\/tr\/contact-with-us\/","og_site_name":"Balecca Ayakab\u0131","article_modified_time":"2023-03-27T11:42:44+00:00","og_image":[{"url":"https:\/\/balecca.com\/tr\/wp-content\/uploads\/2022\/12\/Adsiz-tasarim-2-1024x446.png","type":"","width":"","height":""}],"twitter_card":"summary_large_image","twitter_misc":{"Tahmini okuma s\u00fcresi":"1 dakika"},"schema":{"@context":"https:\/\/schema.org","@graph":[{"@type":"WebPage","@id":"https:\/\/balecca.com\/tr\/contact-with-us\/","url":"https:\/\/balecca.com\/tr\/contact-with-us\/","name":"\u0130leti\u015fim - Balecca Ayakab\u0131","isPartOf":{"@id":"https:\/\/balecca.com\/tr\/#website"},"primaryImageOfPage":{"@id":"https:\/\/balecca.com\/tr\/contact-with-us\/#primaryimage"},"image":{"@id":"https:\/\/balecca.com\/tr\/contact-with-us\/#primaryimage"},"thumbnailUrl":"https:\/\/balecca.com\/tr\/wp-content\/uploads\/2022\/12\/Adsiz-tasarim-2-1024x446.png","datePublished":"2020-07-29T07:32:24+00:00","dateModified":"2023-03-27T11:42:44+00:00","breadcrumb":{"@id":"https:\/\/balecca.com\/tr\/contact-with-us\/#breadcrumb"},"inLanguage":"tr","potentialAction":[{"@type":"ReadAction","target":["https:\/\/balecca.com\/tr\/contact-with-us\/"]}]},{"@type":"ImageObject","inLanguage":"tr","@id":"https:\/\/balecca.com\/tr\/contact-with-us\/#primaryimage","url":"https:\/\/balecca.com\/tr\/wp-content\/uploads\/2022\/12\/Adsiz-tasarim-2.png","contentUrl":"https:\/\/balecca.com\/tr\/wp-content\/uploads\/2022\/12\/Adsiz-tasarim-2.png","width":1081,"height":471},{"@type":"BreadcrumbList","@id":"https:\/\/balecca.com\/tr\/contact-with-us\/#breadcrumb","itemListElement":[{"@type":"ListItem","position":1,"name":"Anasayfa","item":"https:\/\/balecca.com\/tr\/"},{"@type":"ListItem","position":2,"name":"\u0130leti\u015fim"}]},{"@type":"WebSite","@id":"https:\/\/balecca.com\/tr\/#website","url":"https:\/\/balecca.com\/tr\/","name":"Balecca Ayakab\u0131","description":"Ayakkab\u0131, Aksesuar, Erkek Ayakkab\u0131, Kad\u0131n Ayakkab\u0131","publisher":{"@id":"https:\/\/balecca.com\/tr\/#organization"},"potentialAction":[{"@type":"SearchAction","target":{"@type":"EntryPoint","urlTemplate":"https:\/\/balecca.com\/tr\/?s={search_term_string}"},"query-input":{"@type":"PropertyValueSpecification","valueRequired":true,"valueName":"search_term_string"}}],"inLanguage":"tr"},{"@type":"Organization","@id":"https:\/\/balecca.com\/tr\/#organization","name":"Balecca Ayakab\u0131","url":"https:\/\/balecca.com\/tr\/","logo":{"@type":"ImageObject","inLanguage":"tr","@id":"https:\/\/balecca.com\/tr\/#\/schema\/logo\/image\/","url":"https:\/\/balecca.com\/tr\/wp-content\/uploads\/2022\/12\/cropped-VIELSIS.png","contentUrl":"https:\/\/balecca.com\/tr\/wp-content\/uploads\/2022\/12\/cropped-VIELSIS.png","width":563,"height":188,"caption":"Balecca Ayakab\u0131"},"image":{"@id":"https:\/\/balecca.com\/tr\/#\/schema\/logo\/image\/"},"sameAs":["https:\/\/www.instagram.com\/balecca_tr\/"]}]}},"jetpack_sharing_enabled":true,"_links":{"self":[{"href":"https:\/\/balecca.com\/tr\/wp-json\/wp\/v2\/pages\/138","targetHints":{"allow":["GET"]}}],"collection":[{"href":"https:\/\/balecca.com\/tr\/wp-json\/wp\/v2\/pages"}],"about":[{"href":"https:\/\/balecca.com\/tr\/wp-json\/wp\/v2\/types\/page"}],"author":[{"embeddable":true,"href":"https:\/\/balecca.com\/tr\/wp-json\/wp\/v2\/users\/1"}],"replies":[{"embeddable":true,"href":"https:\/\/balecca.com\/tr\/wp-json\/wp\/v2\/comments?post=138"}],"version-history":[{"count":13,"href":"https:\/\/balecca.com\/tr\/wp-json\/wp\/v2\/pages\/138\/revisions"}],"predecessor-version":[{"id":996,"href":"https:\/\/balecca.com\/tr\/wp-json\/wp\/v2\/pages\/138\/revisions\/996"}],"wp:attachment":[{"href":"https:\/\/balecca.com\/tr\/wp-json\/wp\/v2\/media?parent=138"}],"curies":[{"name":"wp","href":"https:\/\/api.w.org\/{rel}","templated":true}]}}