{"id":310,"date":"2022-12-22T18:18:53","date_gmt":"2022-12-22T15:18:53","guid":{"rendered":"http:\/\/balecca.com\/tr\/?page_id=310"},"modified":"2022-12-22T18:19:48","modified_gmt":"2022-12-22T15:19:48","slug":"refund_returns","status":"publish","type":"page","link":"https:\/\/balecca.com\/tr\/refund_returns\/","title":{"rendered":"Gizlilik Politikas\u0131"},"content":{"rendered":"\n<p><b>Mesafeli Sat\u0131\u015f S\u00f6zle\u015fmesi<\/b><\/p>\n\n\n\n<p><\/p>\n\n\n\n<p>1. TARAFLAR<\/p>\n\n\n\n<p>1.1&nbsp;SATICI:<\/p>\n\n\n\n<p>\u00dcNVANI: Cenk Altu\u011f \u00c7al\u0131ko\u011flu \/ BALECCA<br>ADRES: 6152 Sk. No:20\/A Egemenlik Mh. Bornova \u0130zmir\u00a0|\u00a0T\u00dcRK\u0130YE<br>E-POSTA:\u00a0<a href=\"mailto:info@hotic.com.tr%20\" target=\"_blank\" rel=\"noreferrer noopener\">info@balecca.com<\/a><br>\u00a0<\/p>\n\n\n\n<p>1.2&nbsp;&nbsp;ALICI:&nbsp;<\/p>\n\n\n\n<p>ADI SOYADI\/ \u00dcNVANI:&nbsp;<br>ADRES:&nbsp;<br>TELEFON:&nbsp;<br>E-POSTA:<br>&nbsp;<\/p>\n\n\n\n<p>2. KONU<\/p>\n\n\n\n<p>\u0130\u015fbu s\u00f6zle\u015fmenin konusu, ALICI\u2019n\u0131n SATICI\u2019ya ait www.balecca.com web sitesinden elektronik ortamda sipari\u015f verdi\u011fi, \u00f6n bilgilendirme formu ile s\u00f6zle\u015fmede bahsi ge\u00e7en nitelikleri haiz ve yine s\u00f6zle\u015fmede sat\u0131\u015f fiyat\u0131 belirtilen \u00fcr\u00fcn\u00fcn sat\u0131\u015f\u0131 ve teslimi ile ilgili olarak y\u00fcr\u00fcrl\u00fckteki T\u00fcketicinin Korunmas\u0131 Hakk\u0131nda Kanun, Mesafeli S\u00f6zle\u015fmeler Y\u00f6netmeli\u011fi ve ilgili sair mevzuat h\u00fck\u00fcmleri gere\u011fince taraflar\u0131n hak ve y\u00fck\u00fcml\u00fcl\u00fcklerinin saptanmas\u0131d\u0131r.<\/p>\n\n\n\n<p>ALICI, sat\u0131\u015fa konu \u00fcr\u00fcn\u00fcn temel nitelikleri, sat\u0131\u015f fiyat\u0131, \u00f6deme \u015fekli, teslimat ko\u015fullar\u0131 vs. sat\u0131\u015fa konu \u00fcr\u00fcn ile ilgili t\u00fcm \u00f6n bilgiler ve \u201ccayma\u201d hakk\u0131 konusunda bilgi sahibi oldu\u011funu, bu \u00f6n bilgileri elektronik ortamda teyit etti\u011fini ve sonras\u0131nda \u00fcr\u00fcn\u00fc sipari\u015f verdi\u011fini i\u015fbu s\u00f6zle\u015fme h\u00fck\u00fcmlerince kabul ve beyan eder. www.balecca.com sitesinde \u00f6deme sayfas\u0131nda yer alan \u00f6n bilgilendirme ve fatura i\u015fbu s\u00f6zle\u015fmenin ayr\u0131lmaz par\u00e7alar\u0131d\u0131r.<\/p>\n\n\n\n<p>3. \u00dcR\u00dcN B\u0130LG\u0130LER\u0130:<\/p>\n\n\n\n<p>\u00dcR\u00dcN ADI<br>ADET<br>SATI\u015e BEDEL\u0130<\/p>\n\n\n\n<p>\u00dcR\u00dcN\u00dcN T\u00dcM VERG\u0130LER DAH\u0130L TESL\u0130M F\u0130YATI<br>\u00dcr\u00fcn\u00fcn Toplam Fiyat\u0131:<br>\u00dcr\u00fcn\u00fcn Toplam Vergisi (KDV):<br>Toplam Kargo \u00dccreti:<br>Toplam Teslim Fiyat\u0131:<\/p>\n\n\n\n<p>\u00dcr\u00fcn\u00fcn cinsi ve t\u00fcr\u00fc, miktar\u0131, marka\/modeli, rengi ve t\u00fcm vergiler d\u00e2hil sat\u0131\u015f bedeli www.balecca.com adl\u0131 web sitesindeki \u00fcr\u00fcn\u00fcn tan\u0131t\u0131m sayfas\u0131nda yer alan bilgilerde ve i\u015fbu s\u00f6zle\u015fmenin ayr\u0131lmaz par\u00e7as\u0131 say\u0131lan faturada belirtildi\u011fi gibidir.<\/p>\n\n\n\n<p>4. \u00dcR\u00dcN\u00dcN TESL\u0130M\u0130NE \u0130L\u0130\u015eK\u0130N H\u00dcK\u00dcMLER<\/p>\n\n\n\n<p>4.1.&nbsp;\u00dcr\u00fcn, kargo \u015firketi marifetiyle, ALICI`n\u0131n \u00f6n bilgilendirme formunda ve i\u015fbu s\u00f6zle\u015fmede teslimini talep etmi\u015f oldu\u011fu \u2026\u2026\u2026\u2026\u2026\u2026\u2026\u2026\u2026\u2026\u2026\u2026\u2026\u2026\u2026\u2026\u2026\u2026 adresinde \u2026\u2026\u2026\u2026\u2026\u2026\u2026\u2026\u2026\u2026. isimli ki\u015fiye teslim edilecektir.<\/p>\n\n\n\n<p>4.2.&nbsp;Teslimat masraflar\u0131 ALICI`ya aittir. Teslim an\u0131nda ALICI`n\u0131n adresinde bulunmamas\u0131 durumunda dahi SATICI, edimini tam ve eksiksiz olarak yerine getirmi\u015f olarak kabul edilecektir. ALICI`n\u0131n \u00fcr\u00fcn\u00fc ge\u00e7 teslim almas\u0131ndan kaynaklanan her t\u00fcrl\u00fc zarar ile \u00fcr\u00fcn\u00fcn kargo \u015firketinde beklemi\u015f olmas\u0131 ve\/veya kargonun SATICI\u2019ya iade edilmesinden dolay\u0131 olu\u015fan giderlerden SATICI sorumlu de\u011fildir.<\/p>\n\n\n\n<p>4.3.&nbsp;Teslimat, sto\u011fun m\u00fcsait olmas\u0131 ve \u00fcr\u00fcn bedelinin SATICI`n\u0131n hesab\u0131na ge\u00e7mesinden sonra en k\u0131sa s\u00fcrede yap\u0131l\u0131r. SATICI, \u00fcr\u00fcn\u00fc sipari\u015finden itibaren en ge\u00e7 yasal 30 (Otuz) g\u00fcnl\u00fck s\u00fcre i\u00e7inde teslim eder. SATICI, stok t\u00fckenmesi ve benzeri ticari imk\u00e2ns\u0131zl\u0131k halleri, beklenmeyen haller, m\u00fccbir sebepler veya nakliyeyi engelleyen hava muhalefeti, ula\u015f\u0131m\u0131n kesilmesi gibi ola\u011fan\u00fcst\u00fc durumlar nedeni ile s\u00f6zle\u015fme konusu \u00fcr\u00fcn\u00fc s\u00fcresi i\u00e7inde teslim edemez ise, durumu ALICI`ya bildirmekle y\u00fck\u00fcml\u00fcd\u00fcr. Bu takdirde ALICI sipari\u015fin iptal edilmesi, s\u00f6zle\u015fme konusu \u00fcr\u00fcn\u00fcn varsa emsali ile de\u011fi\u015ftirilmesi ve\/veya teslimat s\u00fcresinin engelleyici durumun ortadan kalkmas\u0131na kadar ertelenmesi haklar\u0131ndan birini kullanabilir. ALICI&#8217;n\u0131n sipari\u015fi iptal etmesi halinde \u00f6dedi\u011fi tutar 14 (ond\u00f6rt) g\u00fcn i\u00e7inde kendisine nakden ve defaten \u00f6denir.<\/p>\n\n\n\n<p>4.4.&nbsp;S\u00f6zle\u015fme konusu \u00fcr\u00fcn\u00fcn teslimat\u0131 i\u00e7in \u201c\u00d6n Bilgilendirme Formu\u201dnun ve i\u015fbu Mesafeli Sat\u0131\u015f S\u00f6zle\u015fmesi\u2019nin ALICI taraf\u0131ndan elektronik ortamda onaylanm\u0131\u015f olmas\u0131 ve bedelinin ALICI\u2019n\u0131n tercih etti\u011fi \u00f6deme \u015fekli ile \u00f6denmi\u015f olmas\u0131 \u015fartt\u0131r. Herhangi bir nedenle \u00fcr\u00fcn bedeli \u00f6denmez veya banka kay\u0131tlar\u0131nda iptal edilir ise, SATICI \u00fcr\u00fcn\u00fcn teslimi y\u00fck\u00fcml\u00fcl\u00fc\u011f\u00fcnden kurtulmu\u015f kabul edilir.<\/p>\n\n\n\n<p>5. ALICININ BEYAN VE TAAHH\u00dcTLER\u0130<\/p>\n\n\n\n<p>5.1.&nbsp;ALICI, bildirdi\u011fi teslimat adresine ve bu adreste teslim s\u0131ras\u0131nda bulunan ki\u015fiye yap\u0131lan teslimat\u0131n, ALICI\u2019ya yap\u0131lm\u0131\u015f teslimat say\u0131laca\u011f\u0131n\u0131 kabul etmektedir.<\/p>\n\n\n\n<p>5.2.&nbsp;\u00dcr\u00fcn\u00fcn ALICI\u2019ya tesliminden sonra ALICI\u2019ya ait kredi kart\u0131n\u0131n ALICI\u2019n\u0131n kusurundan kaynaklanmayan bir \u015fekilde yetkisiz ki\u015filerce haks\u0131z veya hukuka ayk\u0131r\u0131 olarak kullan\u0131lmas\u0131 nedeni ile ilgili banka veya finans kurulu\u015funun \u00fcr\u00fcn bedelini SATICI\u2019ya \u00f6dememesi halinde, ALICI kendisine teslim edilmi\u015f olmas\u0131 kayd\u0131yla \u00fcr\u00fcn\u00fc 3 (\u00fc\u00e7) g\u00fcn i\u00e7inde SATICI\u2019ya g\u00f6ndermekle y\u00fck\u00fcml\u00fcd\u00fcr. Bu takdirde teslimat giderleri ALICI\u2019ya aittir.<\/p>\n\n\n\n<p>5.3.&nbsp;Vadeli sat\u0131\u015flar\u0131n sadece Bankalara ait kredi kartlar\u0131 ile yap\u0131lmas\u0131 nedeniyle, ALICI, ilgili faiz oranlar\u0131n\u0131 ve temerr\u00fct faizi ile ilgili bilgileri bankas\u0131ndan ayr\u0131ca teyit edece\u011fini, y\u00fcr\u00fcrl\u00fckte bulunan mevzuat h\u00fck\u00fcmleri gere\u011fince faiz ve temerr\u00fct faizi ile ilgili h\u00fck\u00fcmlerin Banka ve ALICI aras\u0131ndaki kredi kart\u0131 s\u00f6zle\u015fmesi kapsam\u0131nda uygulanaca\u011f\u0131n\u0131 kabul, beyan ve taahh\u00fct eder. Taksitlendirme i\u015flemlerinde, ALICI ile kart sahibi banka aras\u0131nda imzalanm\u0131\u015f bulunan s\u00f6zle\u015fmenin ilgili h\u00fck\u00fcmleri ge\u00e7erlidir. Kredi kart\u0131 \u00f6deme tarihi banka ile ALICI aras\u0131ndaki s\u00f6zle\u015fme h\u00fck\u00fcmlerince belirlenir. ALICI, ayr\u0131ca bankan\u0131n g\u00f6nderdi\u011fi hesap \u00f6zetinden taksit say\u0131s\u0131n\u0131 ve \u00f6demelerini takip edebilir.<\/p>\n\n\n\n<p>5.5.&nbsp;ALICI`n\u0131n kredi kart\u0131 ile \u00f6deme yaparak verdi\u011fi sipari\u015fi cayma hakk\u0131n\u0131 kullanarak veya i\u015fbu s\u00f6zle\u015fmede belirtilen ba\u015fka herhangi bir sebeple iptal etmesi halinde, ALICI, SATICI taraf\u0131ndan kredi kart\u0131na iade edilen tutar\u0131n banka taraf\u0131ndan ALICI hesab\u0131na yans\u0131t\u0131lmas\u0131na ili\u015fkin ortalama s\u00fcrecin 2 ile 3 haftay\u0131 bulabilece\u011fini, bu tutar\u0131n bankaya iadesinden sonra ALICI\u2019n\u0131n hesaplar\u0131na yans\u0131mas\u0131 halinin tamamen banka i\u015flem s\u00fcreci ile ilgili oldu\u011fundan, ALICI, olas\u0131 gecikmeler i\u00e7in SATICI\u2019y\u0131 sorumlu tutamayaca\u011f\u0131n\u0131 kabul, beyan ve taahh\u00fct eder.<\/p>\n\n\n\n<p>6. SATICININ BEYAN VE TAAHH\u00dcTLER\u0130<\/p>\n\n\n\n<p>6.1.&nbsp;SATICI, s\u00f6zle\u015fme konusu \u00fcr\u00fcn\u00fc sa\u011flam, eksiksiz, sipari\u015fte belirtilen niteliklere uygun ve varsa garanti belgeleri ve kullan\u0131m k\u0131lavuzlar\u0131 ile teslim edilmesinden sorumludur.<\/p>\n\n\n\n<p>6.2.&nbsp;S\u00f6zle\u015fme konusu \u00fcr\u00fcn, ALICI\u2019dan ba\u015fka bir ki\u015fi\/kurulu\u015fa teslim edilecek ise, teslim edilecek ki\u015fi\/kurulu\u015fun teslimat\u0131 kabul etmemesinden SATICI sorumlu tutulamaz.<\/p>\n\n\n\n<p>6.3.&nbsp;SATICI, ALICI\u2019n\u0131n hi\u00e7bir gerek\u00e7e g\u00f6stermeksizin ve cezai \u015fart \u00f6demeksizin \u00fcr\u00fcn\u00fc teslim ald\u0131\u011f\u0131 tarihten itibaren 14 (ond\u00f6rt) g\u00fcn i\u00e7erisinde (7. maddede say\u0131lan cayma hakk\u0131n\u0131n kullan\u0131lamayaca\u011f\u0131 \u00fcr\u00fcnler d\u0131\u015f\u0131nda) s\u00f6zle\u015fmeden cayma hakk\u0131n\u0131n var oldu\u011funu ve ALICI\u2019n\u0131n cayma bildiriminin SATICI veya sa\u011flay\u0131c\u0131ya ula\u015fmas\u0131 tarihinden itibaren 10 (on) g\u00fcn i\u00e7inde \u00fcr\u00fcn\u00fc iade edebilece\u011fini kabul ve beyan etmektedir. SATICI, cayma hakk\u0131n\u0131n kullan\u0131ld\u0131\u011f\u0131na ili\u015fkin bildirimin kendisine ula\u015ft\u0131\u011f\u0131 tarihten itibaren 14 (ond\u00f6rt) g\u00fcn i\u00e7inde bedel iadesi i\u015flemini t\u00fcketicinin sat\u0131n alma y\u00f6ntemine uygun olarak ger\u00e7ekle\u015ftirecektir. Cayma hakk\u0131 nedeni ile iade edilen \u00fcr\u00fcn teslimat bedeli SATICI taraf\u0131ndan kar\u015f\u0131lan\u0131r. &nbsp;<\/p>\n\n\n\n<p>6.4.&nbsp;SATICI \u00fcr\u00fcn\u00fcn ifas\u0131n\u0131n imk\u00e2ns\u0131zla\u015ft\u0131\u011f\u0131n\u0131 d\u00fc\u015f\u00fcn\u00fcyorsa, s\u00f6zle\u015fmenin ifa s\u00fcresi dolmadan ALICI\u2019ya bildirir. Bu takdirde ALICI sipari\u015fin iptal edilmesini, s\u00f6zle\u015fme konusu \u00fcr\u00fcn\u00fcn varsa emsali ile de\u011fi\u015ftirilmesini ve\/veya teslimat s\u00fcresinin engelleyici durumun ortadan kalkmas\u0131na kadar ertelenmesi haklar\u0131ndan birini kullanabilir. ALICI`n\u0131n sipari\u015fi iptal etmesi halinde \u00f6denen bedel 14 (ond\u00f6rt) g\u00fcn i\u00e7inde iade edilir.<\/p>\n\n\n\n<p>7. CAYMA HAKKI<\/p>\n\n\n\n<p>ALICI; \u00fcr\u00fcn sat\u0131\u015f\u0131na ili\u015fkin mesafeli s\u00f6zle\u015fmelerde, \u00fcr\u00fcn\u00fcn kendisine veya g\u00f6sterdi\u011fi adresteki ki\u015fi\/kurulu\u015fa teslim tarihinden itibaren 14 (ond\u00f6rt) g\u00fcn i\u00e7erisinde hi\u00e7bir gerek\u00e7e g\u00f6stermeksizin ve cezai \u015fart \u00f6demeksizin s\u00f6zle\u015fmeden cayma hakk\u0131n\u0131 kullanabilir. Cayma hakk\u0131n\u0131n kullan\u0131m\u0131ndan kaynaklanan masraflar SATICI\u2019ya aittir. Cayma hakk\u0131n\u0131n kullan\u0131lmas\u0131 i\u00e7in 14 (ond\u00f6rt) g\u00fcnl\u00fck s\u00fcre i\u00e7inde SATICI&#8217;ya yaz\u0131l\u0131 bildirimde bulunulmas\u0131 yeterli olmakla birlikte cayma hakk\u0131n\u0131n kullan\u0131ld\u0131\u011f\u0131n\u0131n ispat\u0131 ALICI\u2019ya&nbsp; aittir. &nbsp;<\/p>\n\n\n\n<p>Kullan\u0131m talimatlar\u0131na ayk\u0131r\u0131 olarak kullan\u0131lan, ALICI\u2019n\u0131n \u00f6zel istek ve talepleri uyar\u0131nca \u00fcretilen veya \u00fczerinde de\u011fi\u015fiklik ya da ilaveler yap\u0131larak ki\u015fiye \u00f6zel hale getirilen \u00fcr\u00fcnlerde cayma hakk\u0131 kullan\u0131lamaz.<\/p>\n\n\n\n<p>Cayma hakk\u0131n\u0131n kullan\u0131lmas\u0131 halinde;<\/p>\n\n\n\n<p>a) 3. ki\u015fiye veya ALICI\u2019ya teslim edilen \u00fcr\u00fcn\u00fcn faturas\u0131, (Fatura asl\u0131 g\u00f6nderilmezse, ALICI\u2019ya KDV ve varsa di\u011fer yasal y\u00fck\u00fcml\u00fcl\u00fckler iade edilemez. \u0130ade edilmek istenen \u00fcr\u00fcn\u00fcn faturas\u0131 kurumsal ise, iade ederken kurumun d\u00fczenlemi\u015f oldu\u011fu iade faturas\u0131 ile birlikte g\u00f6nderilmesi gerekmektedir. Faturas\u0131 kurumlar ad\u0131na d\u00fczenlenen sipari\u015f iadeleri \u0130ADE FATURASI kesilmedi\u011fi takdirde tamamlanamayacakt\u0131r.)<\/p>\n\n\n\n<p>b) \u0130ade formu,<\/p>\n\n\n\n<p>c) \u0130ade edilecek \u00fcr\u00fcnlerin kutusu, ambalaj\u0131, varsa standart aksesuarlar\u0131 ile birlikte eksiksiz&nbsp; olarak teslim edilmesi gerekmektedir.<\/p>\n\n\n\n<p>ALICI, cayma hakk\u0131n\u0131 kullanmas\u0131ndan itibaren 10 (on) g\u00fcnl\u00fck s\u00fcre i\u00e7erisinde \u00fcr\u00fcn\u00fc SATICI\u2019ya iade etmekle y\u00fck\u00fcml\u00fcd\u00fcr. SATICI da cayma bildiriminin kendisine ula\u015ft\u0131\u011f\u0131 tarihten itibaren 14 (ond\u00f6rt) g\u00fcn i\u00e7inde bedel iadesi i\u015flemini t\u00fcketicinin sat\u0131n alma y\u00f6ntemine uygun olarak ger\u00e7ekle\u015ftirecektir. ALICI, T\u00fcketicinin Korunmas\u0131 Hakk\u0131nda Kanun ve ilgili Y\u00f6netmeliklere ayk\u0131r\u0131 hareket etmesi halinde SATICI\u2019n\u0131n zararlar\u0131n\u0131 tazmin etmekle y\u00fck\u00fcml\u00fcd\u00fcr<\/p>\n\n\n\n<p>8. TEMERR\u00dcT HAL\u0130 VE HUKUK\u0130 SONU\u00c7LARI<\/p>\n\n\n\n<p>ALICI, kredi kart\u0131 ile yapm\u0131\u015f oldu\u011fu i\u015flemlerinde temerr\u00fcde d\u00fc\u015fmesi halinde kart sahibi bankan\u0131n kendisi ile yapm\u0131\u015f oldu\u011fu kredi kart\u0131 s\u00f6zle\u015fmesi \u00e7er\u00e7evesinde faiz \u00f6deyecek ve bankaya kar\u015f\u0131 sorumlu olacakt\u0131r. Bu durumda ilgili banka hukuki yollara ba\u015fvurabilir; do\u011facak masraflar\u0131 ve vek\u00e2let \u00fccretini ALICI\u2019dan talep edebilir ve her ko\u015fulda ALICI\u2019n\u0131n borcundan dolay\u0131 temerr\u00fcde d\u00fc\u015fmesi halinde, ALICI, borcun gecikmeli ifas\u0131ndan dolay\u0131 SATICI\u2019n\u0131n olu\u015fan zarar ve ziyan\u0131n\u0131 \u00f6demeyi kabul eder.<\/p>\n\n\n\n<p>9. YETK\u0130L\u0130 MAHKEME<\/p>\n\n\n\n<p>\u0130\u015fbu s\u00f6zle\u015fmeden kaynaklanabilecek ihtilaflarda, G\u00fcmr\u00fck ve Ticaret Bakanl\u0131\u011f\u0131\u2019nca ilan edilen de\u011fere kadar t\u00fcketicinin mal veya hizmeti sat\u0131n ald\u0131\u011f\u0131 veya ikametg\u00e2h\u0131n\u0131n bulundu\u011fu yerdeki T\u00fcketici Hakem Heyetleri ile T\u00fcketici Mahkemeleri yetkilidir.<\/p>\n\n\n\n<p>10. Y\u00dcR\u00dcRL\u00dcK<\/p>\n\n\n\n<p>Site \u00fczerinden verilen sipari\u015fe ait \u00f6demenin ger\u00e7ekle\u015fmesi durumunda ALICI i\u015fbu s\u00f6zle\u015fmenin t\u00fcm ko\u015fullar\u0131n\u0131 kabul etmi\u015f say\u0131lacakt\u0131r. SATICI, s\u00f6z konusu s\u00f6zle\u015fmenin site \u00fczerinde, ALICI taraf\u0131ndan okundu\u011funa ve kabul edildi\u011fine dair onay almaks\u0131z\u0131n sipari\u015f verilememesini sa\u011flayacak yaz\u0131l\u0131msal d\u00fczenlemeleri yapmakla y\u00fck\u00fcml\u00fcd\u00fcr.<\/p>\n\n\n\n<p>SATICI<\/p>\n\n\n\n<p>BALECCA.COM<\/p>\n","protected":false},"excerpt":{"rendered":"<p>Mesafeli Sat\u0131\u015f S\u00f6zle\u015fmesi 1. TARAFLAR 1.1&nbsp;SATICI: \u00dcNVANI: Cenk Altu\u011f \u00c7al\u0131ko\u011flu \/ BALECCAADRES: 6152 Sk. No:20\/A Egemenlik Mh. Bornova \u0130zmir\u00a0|\u00a0T\u00dcRK\u0130YEE-POSTA:\u00a0info@balecca.com\u00a0 1.2&nbsp;&nbsp;ALICI:&nbsp; ADI SOYADI\/ \u00dcNVANI:&nbsp;ADRES:&nbsp;TELEFON:&nbsp;E-POSTA:&nbsp; 2. KONU \u0130\u015fbu<span class=\"excerpt-hellip\"> [\u2026]<\/span><\/p>\n","protected":false},"author":1,"featured_media":0,"parent":0,"menu_order":0,"comment_status":"open","ping_status":"closed","template":"","meta":{"footnotes":""},"class_list":["post-310","page","type-page","status-publish","hentry"],"yoast_head":"<!-- This site is optimized with the Yoast SEO plugin v27.3 - https:\/\/yoast.com\/product\/yoast-seo-wordpress\/ -->\n<title>Gizlilik Politikas\u0131 - Balecca Ayakab\u0131<\/title>\n<meta name=\"robots\" content=\"index, follow, max-snippet:-1, max-image-preview:large, max-video-preview:-1\" \/>\n<link rel=\"canonical\" href=\"https:\/\/balecca.com\/tr\/refund_returns\/\" \/>\n<meta property=\"og:locale\" content=\"tr_TR\" \/>\n<meta property=\"og:type\" content=\"article\" \/>\n<meta property=\"og:title\" content=\"Gizlilik Politikas\u0131 - Balecca Ayakab\u0131\" \/>\n<meta property=\"og:description\" content=\"Mesafeli Sat\u0131\u015f S\u00f6zle\u015fmesi 1. TARAFLAR 1.1&nbsp;SATICI: \u00dcNVANI: Cenk Altu\u011f \u00c7al\u0131ko\u011flu \/ BALECCAADRES: 6152 Sk. No:20\/A Egemenlik Mh. Bornova \u0130zmir\u00a0|\u00a0T\u00dcRK\u0130YEE-POSTA:\u00a0info@balecca.com\u00a0 1.2&nbsp;&nbsp;ALICI:&nbsp; ADI SOYADI\/ \u00dcNVANI:&nbsp;ADRES:&nbsp;TELEFON:&nbsp;E-POSTA:&nbsp; 2. KONU \u0130\u015fbu [\u2026]\" \/>\n<meta property=\"og:url\" content=\"https:\/\/balecca.com\/tr\/refund_returns\/\" \/>\n<meta property=\"og:site_name\" content=\"Balecca Ayakab\u0131\" \/>\n<meta property=\"article:modified_time\" content=\"2022-12-22T15:19:48+00:00\" \/>\n<meta name=\"twitter:card\" content=\"summary_large_image\" \/>\n<meta name=\"twitter:label1\" content=\"Tahmini okuma s\u00fcresi\" \/>\n\t<meta name=\"twitter:data1\" content=\"9 dakika\" \/>\n<script type=\"application\/ld+json\" class=\"yoast-schema-graph\">{\"@context\":\"https:\\\/\\\/schema.org\",\"@graph\":[{\"@type\":\"WebPage\",\"@id\":\"https:\\\/\\\/balecca.com\\\/tr\\\/refund_returns\\\/\",\"url\":\"https:\\\/\\\/balecca.com\\\/tr\\\/refund_returns\\\/\",\"name\":\"Gizlilik Politikas\u0131 - Balecca Ayakab\u0131\",\"isPartOf\":{\"@id\":\"https:\\\/\\\/balecca.com\\\/tr\\\/#website\"},\"datePublished\":\"2022-12-22T15:18:53+00:00\",\"dateModified\":\"2022-12-22T15:19:48+00:00\",\"breadcrumb\":{\"@id\":\"https:\\\/\\\/balecca.com\\\/tr\\\/refund_returns\\\/#breadcrumb\"},\"inLanguage\":\"tr\",\"potentialAction\":[{\"@type\":\"ReadAction\",\"target\":[\"https:\\\/\\\/balecca.com\\\/tr\\\/refund_returns\\\/\"]}]},{\"@type\":\"BreadcrumbList\",\"@id\":\"https:\\\/\\\/balecca.com\\\/tr\\\/refund_returns\\\/#breadcrumb\",\"itemListElement\":[{\"@type\":\"ListItem\",\"position\":1,\"name\":\"Anasayfa\",\"item\":\"https:\\\/\\\/balecca.com\\\/tr\\\/\"},{\"@type\":\"ListItem\",\"position\":2,\"name\":\"Gizlilik Politikas\u0131\"}]},{\"@type\":\"WebSite\",\"@id\":\"https:\\\/\\\/balecca.com\\\/tr\\\/#website\",\"url\":\"https:\\\/\\\/balecca.com\\\/tr\\\/\",\"name\":\"Balecca Ayakab\u0131\",\"description\":\"Ayakkab\u0131, Aksesuar, Erkek Ayakkab\u0131, Kad\u0131n Ayakkab\u0131\",\"publisher\":{\"@id\":\"https:\\\/\\\/balecca.com\\\/tr\\\/#organization\"},\"potentialAction\":[{\"@type\":\"SearchAction\",\"target\":{\"@type\":\"EntryPoint\",\"urlTemplate\":\"https:\\\/\\\/balecca.com\\\/tr\\\/?s={search_term_string}\"},\"query-input\":{\"@type\":\"PropertyValueSpecification\",\"valueRequired\":true,\"valueName\":\"search_term_string\"}}],\"inLanguage\":\"tr\"},{\"@type\":\"Organization\",\"@id\":\"https:\\\/\\\/balecca.com\\\/tr\\\/#organization\",\"name\":\"Balecca Ayakab\u0131\",\"url\":\"https:\\\/\\\/balecca.com\\\/tr\\\/\",\"logo\":{\"@type\":\"ImageObject\",\"inLanguage\":\"tr\",\"@id\":\"https:\\\/\\\/balecca.com\\\/tr\\\/#\\\/schema\\\/logo\\\/image\\\/\",\"url\":\"https:\\\/\\\/balecca.com\\\/tr\\\/wp-content\\\/uploads\\\/2022\\\/12\\\/cropped-VIELSIS.png\",\"contentUrl\":\"https:\\\/\\\/balecca.com\\\/tr\\\/wp-content\\\/uploads\\\/2022\\\/12\\\/cropped-VIELSIS.png\",\"width\":563,\"height\":188,\"caption\":\"Balecca Ayakab\u0131\"},\"image\":{\"@id\":\"https:\\\/\\\/balecca.com\\\/tr\\\/#\\\/schema\\\/logo\\\/image\\\/\"},\"sameAs\":[\"https:\\\/\\\/www.instagram.com\\\/balecca_tr\\\/\"]}]}<\/script>\n<!-- \/ Yoast SEO plugin. -->","yoast_head_json":{"title":"Gizlilik Politikas\u0131 - Balecca Ayakab\u0131","robots":{"index":"index","follow":"follow","max-snippet":"max-snippet:-1","max-image-preview":"max-image-preview:large","max-video-preview":"max-video-preview:-1"},"canonical":"https:\/\/balecca.com\/tr\/refund_returns\/","og_locale":"tr_TR","og_type":"article","og_title":"Gizlilik Politikas\u0131 - Balecca Ayakab\u0131","og_description":"Mesafeli Sat\u0131\u015f S\u00f6zle\u015fmesi 1. TARAFLAR 1.1&nbsp;SATICI: \u00dcNVANI: Cenk Altu\u011f \u00c7al\u0131ko\u011flu \/ BALECCAADRES: 6152 Sk. No:20\/A Egemenlik Mh. Bornova \u0130zmir\u00a0|\u00a0T\u00dcRK\u0130YEE-POSTA:\u00a0info@balecca.com\u00a0 1.2&nbsp;&nbsp;ALICI:&nbsp; ADI SOYADI\/ \u00dcNVANI:&nbsp;ADRES:&nbsp;TELEFON:&nbsp;E-POSTA:&nbsp; 2. KONU \u0130\u015fbu [\u2026]","og_url":"https:\/\/balecca.com\/tr\/refund_returns\/","og_site_name":"Balecca Ayakab\u0131","article_modified_time":"2022-12-22T15:19:48+00:00","twitter_card":"summary_large_image","twitter_misc":{"Tahmini okuma s\u00fcresi":"9 dakika"},"schema":{"@context":"https:\/\/schema.org","@graph":[{"@type":"WebPage","@id":"https:\/\/balecca.com\/tr\/refund_returns\/","url":"https:\/\/balecca.com\/tr\/refund_returns\/","name":"Gizlilik Politikas\u0131 - Balecca Ayakab\u0131","isPartOf":{"@id":"https:\/\/balecca.com\/tr\/#website"},"datePublished":"2022-12-22T15:18:53+00:00","dateModified":"2022-12-22T15:19:48+00:00","breadcrumb":{"@id":"https:\/\/balecca.com\/tr\/refund_returns\/#breadcrumb"},"inLanguage":"tr","potentialAction":[{"@type":"ReadAction","target":["https:\/\/balecca.com\/tr\/refund_returns\/"]}]},{"@type":"BreadcrumbList","@id":"https:\/\/balecca.com\/tr\/refund_returns\/#breadcrumb","itemListElement":[{"@type":"ListItem","position":1,"name":"Anasayfa","item":"https:\/\/balecca.com\/tr\/"},{"@type":"ListItem","position":2,"name":"Gizlilik Politikas\u0131"}]},{"@type":"WebSite","@id":"https:\/\/balecca.com\/tr\/#website","url":"https:\/\/balecca.com\/tr\/","name":"Balecca Ayakab\u0131","description":"Ayakkab\u0131, Aksesuar, Erkek Ayakkab\u0131, Kad\u0131n Ayakkab\u0131","publisher":{"@id":"https:\/\/balecca.com\/tr\/#organization"},"potentialAction":[{"@type":"SearchAction","target":{"@type":"EntryPoint","urlTemplate":"https:\/\/balecca.com\/tr\/?s={search_term_string}"},"query-input":{"@type":"PropertyValueSpecification","valueRequired":true,"valueName":"search_term_string"}}],"inLanguage":"tr"},{"@type":"Organization","@id":"https:\/\/balecca.com\/tr\/#organization","name":"Balecca Ayakab\u0131","url":"https:\/\/balecca.com\/tr\/","logo":{"@type":"ImageObject","inLanguage":"tr","@id":"https:\/\/balecca.com\/tr\/#\/schema\/logo\/image\/","url":"https:\/\/balecca.com\/tr\/wp-content\/uploads\/2022\/12\/cropped-VIELSIS.png","contentUrl":"https:\/\/balecca.com\/tr\/wp-content\/uploads\/2022\/12\/cropped-VIELSIS.png","width":563,"height":188,"caption":"Balecca Ayakab\u0131"},"image":{"@id":"https:\/\/balecca.com\/tr\/#\/schema\/logo\/image\/"},"sameAs":["https:\/\/www.instagram.com\/balecca_tr\/"]}]}},"jetpack_sharing_enabled":true,"_links":{"self":[{"href":"https:\/\/balecca.com\/tr\/wp-json\/wp\/v2\/pages\/310","targetHints":{"allow":["GET"]}}],"collection":[{"href":"https:\/\/balecca.com\/tr\/wp-json\/wp\/v2\/pages"}],"about":[{"href":"https:\/\/balecca.com\/tr\/wp-json\/wp\/v2\/types\/page"}],"author":[{"embeddable":true,"href":"https:\/\/balecca.com\/tr\/wp-json\/wp\/v2\/users\/1"}],"replies":[{"embeddable":true,"href":"https:\/\/balecca.com\/tr\/wp-json\/wp\/v2\/comments?post=310"}],"version-history":[{"count":2,"href":"https:\/\/balecca.com\/tr\/wp-json\/wp\/v2\/pages\/310\/revisions"}],"predecessor-version":[{"id":473,"href":"https:\/\/balecca.com\/tr\/wp-json\/wp\/v2\/pages\/310\/revisions\/473"}],"wp:attachment":[{"href":"https:\/\/balecca.com\/tr\/wp-json\/wp\/v2\/media?parent=310"}],"curies":[{"name":"wp","href":"https:\/\/api.w.org\/{rel}","templated":true}]}}