{"id":478,"date":"2022-12-22T18:33:46","date_gmt":"2022-12-22T15:33:46","guid":{"rendered":"https:\/\/balecca.com\/tr\/?page_id=478"},"modified":"2022-12-22T18:33:49","modified_gmt":"2022-12-22T15:33:49","slug":"iade-ve-degisim","status":"publish","type":"page","link":"https:\/\/balecca.com\/tr\/iade-ve-degisim\/","title":{"rendered":"\u0130ade ve De\u011fi\u015fim"},"content":{"rendered":"\n<p><\/p>\n\n\n\n<h4 class=\"wp-block-heading\">Sat\u0131n ald\u0131\u011f\u0131m \u00fcr\u00fcn\u00fc nas\u0131l iade edebilirim?<\/h4>\n\n\n\n<p>www.balecca.com adresinden sat\u0131n ald\u0131\u011f\u0131n\u0131z \u00fcr\u00fcnleri\u00a0be\u011fenmediyseniz,\u00a0 sipari\u015finizi ald\u0131ktan sonra 30 g\u00fcn i\u00e7inde ma\u011fazalar\u0131m\u0131zdan ya da kargo ile g\u00f6nderim yaparak geri \u00f6deme talebinde bulunabilirsiniz.<\/p>\n\n\n\n<p>Ma\u011fazaya \u0130ade\u00a0<br>www.balecca.com adresinden sat\u0131n ald\u0131\u011f\u0131n\u0131z \u00fcr\u00fcnleri\u00a0Sipari\u015finizi teslim ald\u0131ktan sonra \u00fcr\u00fcn\u00fcn\u00fcz\u00fc 30 g\u00fcn i\u00e7inde faturan\u0131z ile birlikte istenilen herhangi bir \u00fcr\u00fcnle t\u00fcm Balecca ma\u011fazalar\u0131m\u0131zdan de\u011fi\u015ftirebilir veya iade edebilirsiniz. \u00dcr\u00fcnleri bir ma\u011fazaya iade ederseniz, iade bilgilerinin merkez ofislerimize g\u00f6nderilece\u011fini ve geri \u00f6demenin \u00fcr\u00fcn\u00fc sat\u0131n al\u0131rken kulland\u0131\u011f\u0131n\u0131z \u00f6deme y\u00f6ntemi ile ayn\u0131 \u015fekilde merkez taraf\u0131ndan yap\u0131laca\u011f\u0131n\u0131 unutmay\u0131n.<\/p>\n\n\n\n<p>\u00dccretsiz Evden Al\u0131m\u00a0<br>www.balecca.com adresinden sat\u0131n ald\u0131\u011f\u0131n\u0131z \u00fcr\u00fcnleri\u00a0Sipari\u015finizi teslim ald\u0131ktan sonra 30 g\u00fcn i\u00e7inde \u00fcr\u00fcn\u00fcn\u00fcz\u00fc \u00dccretsiz Evden Al\u0131m hizmetimizle iade edebilirsiniz. Bunu yapmak i\u00e7in MNG Kargo \u00fccretsiz evden al\u0131m talebinde bulunabilirsiniz, size paketinizi almas\u0131 i\u00e7in bir kurye g\u00f6nderece\u011fiz \u00d6ncelikle 444 06 06 numaral\u0131 telefon araman\u0131z ve Balecca g\u00f6nderi kodunu (313558402) belirtmeniz gerekecektir. Bu a\u015famadan sonra kurye paketinizi almak i\u00e7in belirtti\u011finiz adresinize gelecektir. iade i\u015fleminin sorunsuz ger\u00e7ekle\u015fmesi i\u00e7in \u00dcr\u00fcnlerin kullan\u0131lmam\u0131\u015f olup orijinal kutusunda ve ambalaj\u0131nda faturas\u0131 ile birlikte iade formunu doldurarak kuryeye teslim etmenizi rica ediyoruz.<\/p>\n\n\n\n<p>Kargo ile \u00dccretsiz \u0130adeler\u00a0<br>www.balecca.com adresinden sat\u0131n ald\u0131\u011f\u0131n\u0131z \u00fcr\u00fcnleri\u00a0Sipari\u015finizi teslim ald\u0131ktan sonra 30 g\u00fcn i\u00e7inde iade edebilirsiniz. \u0130ade etmek istedi\u011fimiz \u00fcr\u00fcnlerin kullan\u0131lmam\u0131\u015f olup orijinal kutusunda ve ambalaj\u0131nda olmas\u0131 gerekmektedir. Paketinizden \u00e7\u0131kan iade formunu doldurarak faturan\u0131z ile birlikte herhangi MNG Kargo \u015fubesinden Balecca g\u00f6nderi kodunu (313558402) belirterek iade g\u00f6nderiminizi bedelsiz olarak yapabilirsiniz. Teslimat adresi olarak Balecca ayakkab\u0131 Merkez mahallesi. Sanayi caddesi. Turin \u0130\u015f merkezi No:3 Ka\u011f\u0131thane adresini kullanabilirsiniz. MNG Kargo harici firmalar ile olan g\u00f6nderilerde, Balecca\u2019 in kargo \u00fccretini veya teslimatta \u00f6demeyi kabul etmeyece\u011fini ve iade \u00fccretlerini \u00f6demeyece\u011fini unutmay\u0131n.<\/p>\n\n\n\n<h4 class=\"wp-block-heading\">Ma\u011fazadan taraf\u0131ma g\u00f6nderilen \u00fcr\u00fcn\u00fc nas\u0131l iade edebilirim?<\/h4>\n\n\n\n<p>\u00dccretsiz Evden Al\u0131m\u00a0<br>Sipari\u015finizi teslim ald\u0131ktan sonra 30 g\u00fcn i\u00e7inde \u00fcr\u00fcn\u00fcn\u00fcz\u00fc iade edebilirsiniz. Bunu yapmak i\u00e7in MNG Kargo \u00fccretsiz evden al\u0131m talebinde bulunabilirsiniz, size paketinizi almas\u0131 i\u00e7in bir kurye g\u00f6nderece\u011fiz \u00d6ncelikle 444 06 06 numaral\u0131 telefon araman\u0131z ve Balecca g\u00f6nderi kodunu (313558402) belirtmeniz gerekecektir. Bu a\u015famadan sonra kurye paketinizi almak i\u00e7in belirtti\u011finiz adresinize gelecektir. \u0130ade i\u015fleminin sorunsuz ger\u00e7ekle\u015fmesi i\u00e7in \u00dcr\u00fcnlerin kullan\u0131lmam\u0131\u015f olup orijinal kutusunda ve ambalaj\u0131nda faturas\u0131 ile birlikte iade formunu doldurarak kuryeye teslim etmenizi rica ediyoruz.<\/p>\n\n\n\n<p>Kargo ile \u00dccretsiz \u0130adeler\u00a0<br>Sipari\u015finizi teslim ald\u0131ktan sonra 30 g\u00fcn i\u00e7inde \u00fcr\u00fcn\u00fcn\u00fcz\u00fc iade edebilirsiniz. \u0130ade etmek istedi\u011fimiz \u00fcr\u00fcnlerin kullan\u0131lmam\u0131\u015f olup orijinal kutusunda ve ambalaj\u0131nda olmas\u0131 gerekmektedir. Paketinizden \u00e7\u0131kan iade formunu doldurarak faturan\u0131z ile birlikte herhangi MNG Kargo \u015fubesinden Balecca g\u00f6nderi kodunu (313558402) belirterek iade g\u00f6nderiminizi bedelsiz olarak yapabilirsiniz. Teslimat adresi olarak Balecca ayakkab\u0131 Merkez mahallesi. Sanayi caddesi. Turin \u0130\u015f merkezi No:3 Ka\u011f\u0131thane adresini kullanabilirsiniz. MNG Kargo harici firmalar ile olan g\u00f6nderilerde, Balecca\u2019 in kargo \u00fccretini veya teslimatta \u00f6demeyi kabul etmeyece\u011fini ve iade \u00fccretlerini \u00f6demeyece\u011fini unutmay\u0131n.<\/p>\n\n\n\n<h4 class=\"wp-block-heading\">Ma\u011fazalar\u0131n\u0131zdan de\u011fi\u015fim yapabilir miyim?<\/h4>\n\n\n\n<p>Sipari\u015finizi teslim ald\u0131ktan sonra \u00fcr\u00fcn\u00fcn\u00fcz\u00fc t\u00fcm Balecca ma\u011fazalar\u0131m\u0131zdan faturan\u0131z ile birlikte 30 g\u00fcn i\u00e7inde istedi\u011finiz herhangi bir \u00fcr\u00fcnle de\u011fi\u015ftirebilirsiniz.<\/p>\n\n\n\n<h4 class=\"wp-block-heading\">Ma\u011fazalar\u0131n\u0131zdan iade yapabilir miyim?<\/h4>\n\n\n\n<p>Sipari\u015finizi teslim ald\u0131ktan sonra \u00fcr\u00fcn\u00fcn\u00fcz\u00fc t\u00fcm Balecca ma\u011fazalar\u0131m\u0131zdan faturan\u0131z ile iade edebilirsiniz.<\/p>\n\n\n\n<p>\u00dcr\u00fcnleri bir ma\u011fazaya iade ederseniz, iade bilgilerinin merkez ofislerimize g\u00f6nderilece\u011fini ve geri \u00f6demenin \u00fcr\u00fcn\u00fc sat\u0131n al\u0131rken kulland\u0131\u011f\u0131n\u0131z \u00f6deme y\u00f6ntemi ile ayn\u0131 \u015fekilde merkez taraf\u0131ndan yap\u0131laca\u011f\u0131n\u0131 unutmay\u0131n.<\/p>\n\n\n\n<h4 class=\"wp-block-heading\">\u0130ade etme s\u00fcresi ka\u00e7 g\u00fcnd\u00fcr?<\/h4>\n\n\n\n<p>www.balecca.com ald\u0131\u011f\u0131n\u0131z kullan\u0131lmam\u0131\u015f \u00fcr\u00fcnleriniz, teslim alma tarihinden itibaren 30 g\u00fcn i\u00e7erisinde sebep g\u00f6stermeden ko\u015fulsuz iade edebilirsiniz.<\/p>\n\n\n\n<h4 class=\"wp-block-heading\">\u0130ade i\u015flemlerinde kargo masraflar\u0131n\u0131 ben mi \u00f6deyece\u011fim?<\/h4>\n\n\n\n<p>www.balecca.com form doldurarak ger\u00e7ekle\u015ftirdi\u011finiz t\u00fcm iadelerin kargo masraflar\u0131 bize aittir. MNG Kargo d\u0131\u015f\u0131ndaki kargo \u015firketleri ile yap\u0131lan g\u00f6nderiler ne yaz\u0131k ki kabul edilememektedir.<\/p>\n\n\n\n<h4 class=\"wp-block-heading\">Taksitli \u00f6demelerimin iadesi nas\u0131l yap\u0131l\u0131r?<\/h4>\n\n\n\n<p>Her t\u00fcrl\u00fc \u00f6demenizde, taraf\u0131m\u0131zdan bankan\u0131za t\u00fcm tutar iade edilir. \u00d6demenizi taksitli olarak yapt\u0131\u011f\u0131n\u0131zda, iadeniz her ay kart\u0131n\u0131za, taksit tutarlar\u0131 kadar art\u0131 bakiye olarak yans\u0131yacakt\u0131r. Yap\u0131lan iadenin kredi kart\u0131n\u0131za her ay taksitli olarak yans\u0131mas\u0131 tamamen bankalar\u0131n s\u00fcre\u00e7 ve uygulamalar\u0131yla ilgilidir. Konu hakk\u0131nda detayl\u0131 bilgiyi bankan\u0131zdan alabilirsiniz. Ayr\u0131ca, ekstrenizde iade i\u015flemini g\u00f6rebileceksiniz.<\/p>\n\n\n\n<h4 class=\"wp-block-heading\">\u0130ade i\u015fleminden ne kadar zaman sonra \u00f6deme hesab\u0131ma yans\u0131r?<\/h4>\n\n\n\n<p>Her t\u00fcrl\u00fc \u00f6demenizde, taraf\u0131m\u0131zdan bankan\u0131za t\u00fcm tutar iade edilir. \u00d6demenizi taksitli olarak yapt\u0131\u011f\u0131n\u0131zda, iadeniz her ay kart\u0131n\u0131za, taksit tutarlar\u0131 kadar art\u0131 bakiye olarak yans\u0131yacakt\u0131r. Yap\u0131lan iadenin kredi kart\u0131n\u0131za her ay taksitli olarak yans\u0131mas\u0131 tamamen bankalar\u0131n s\u00fcre\u00e7 ve uygulamalar\u0131yla ilgilidir. Konu hakk\u0131nda detayl\u0131 bilgiyi bankan\u0131zdan alabilirsiniz. Ayr\u0131ca, ekstrenizde iade i\u015flemini g\u00f6rebileceksiniz.<\/p>\n\n\n\n<h4 class=\"wp-block-heading\">\u0130ade ko\u015fullar\u0131 nelerdir?<\/h4>\n\n\n\n<p>\u00dcr\u00fcn de\u011fi\u015fim ve ya \u0130adelerde \u00fcr\u00fcnlerin kesinlikle kullan\u0131lmam\u0131\u015f olup orijinal kutusunda ve ambalaj\u0131nda faturas\u0131 ile kabul edilerek; Kullan\u0131lm\u0131\u015f \u00fcr\u00fcnlerde kesinlikle iade ve ya de\u011fi\u015fim i\u015flemi yap\u0131lmamaktad\u0131r.&nbsp;<br><br>\u00dcr\u00fcn\u00fcn\u00fcz taraf\u0131m\u0131za ula\u015ft\u0131ktan sonra, ilgili birimlerce incelenecek ve iadesi i\u00e7in onay verilecektir. Bu s\u00fcre\u00e7 ortalama 7 i\u015f g\u00fcn\u00fcn\u00fc almaktad\u0131r.<\/p>\n","protected":false},"excerpt":{"rendered":"<p>Sat\u0131n ald\u0131\u011f\u0131m \u00fcr\u00fcn\u00fc nas\u0131l iade edebilirim? www.balecca.com adresinden sat\u0131n ald\u0131\u011f\u0131n\u0131z \u00fcr\u00fcnleri\u00a0be\u011fenmediyseniz,\u00a0 sipari\u015finizi ald\u0131ktan sonra 30 g\u00fcn i\u00e7inde ma\u011fazalar\u0131m\u0131zdan ya da kargo ile g\u00f6nderim yaparak geri \u00f6deme<span class=\"excerpt-hellip\"> [\u2026]<\/span><\/p>\n","protected":false},"author":1,"featured_media":0,"parent":0,"menu_order":0,"comment_status":"closed","ping_status":"closed","template":"","meta":{"footnotes":""},"class_list":["post-478","page","type-page","status-publish","hentry"],"yoast_head":"<!-- This site is optimized with the Yoast SEO plugin v27.3 - https:\/\/yoast.com\/product\/yoast-seo-wordpress\/ -->\n<title>\u0130ade ve De\u011fi\u015fim - Balecca Ayakab\u0131<\/title>\n<meta name=\"robots\" content=\"index, follow, max-snippet:-1, max-image-preview:large, max-video-preview:-1\" \/>\n<link rel=\"canonical\" href=\"https:\/\/balecca.com\/tr\/iade-ve-degisim\/\" \/>\n<meta property=\"og:locale\" content=\"tr_TR\" \/>\n<meta property=\"og:type\" content=\"article\" \/>\n<meta property=\"og:title\" content=\"\u0130ade ve De\u011fi\u015fim - Balecca Ayakab\u0131\" \/>\n<meta property=\"og:description\" content=\"Sat\u0131n ald\u0131\u011f\u0131m \u00fcr\u00fcn\u00fc nas\u0131l iade edebilirim? www.balecca.com adresinden sat\u0131n ald\u0131\u011f\u0131n\u0131z \u00fcr\u00fcnleri\u00a0be\u011fenmediyseniz,\u00a0 sipari\u015finizi ald\u0131ktan sonra 30 g\u00fcn i\u00e7inde ma\u011fazalar\u0131m\u0131zdan ya da kargo ile g\u00f6nderim yaparak geri \u00f6deme [\u2026]\" \/>\n<meta property=\"og:url\" content=\"https:\/\/balecca.com\/tr\/iade-ve-degisim\/\" \/>\n<meta property=\"og:site_name\" content=\"Balecca Ayakab\u0131\" \/>\n<meta property=\"article:modified_time\" content=\"2022-12-22T15:33:49+00:00\" \/>\n<meta name=\"twitter:card\" content=\"summary_large_image\" \/>\n<meta name=\"twitter:label1\" content=\"Tahmini okuma s\u00fcresi\" \/>\n\t<meta name=\"twitter:data1\" content=\"5 dakika\" \/>\n<script type=\"application\/ld+json\" class=\"yoast-schema-graph\">{\"@context\":\"https:\\\/\\\/schema.org\",\"@graph\":[{\"@type\":\"WebPage\",\"@id\":\"https:\\\/\\\/balecca.com\\\/tr\\\/iade-ve-degisim\\\/\",\"url\":\"https:\\\/\\\/balecca.com\\\/tr\\\/iade-ve-degisim\\\/\",\"name\":\"\u0130ade ve De\u011fi\u015fim - Balecca Ayakab\u0131\",\"isPartOf\":{\"@id\":\"https:\\\/\\\/balecca.com\\\/tr\\\/#website\"},\"datePublished\":\"2022-12-22T15:33:46+00:00\",\"dateModified\":\"2022-12-22T15:33:49+00:00\",\"breadcrumb\":{\"@id\":\"https:\\\/\\\/balecca.com\\\/tr\\\/iade-ve-degisim\\\/#breadcrumb\"},\"inLanguage\":\"tr\",\"potentialAction\":[{\"@type\":\"ReadAction\",\"target\":[\"https:\\\/\\\/balecca.com\\\/tr\\\/iade-ve-degisim\\\/\"]}]},{\"@type\":\"BreadcrumbList\",\"@id\":\"https:\\\/\\\/balecca.com\\\/tr\\\/iade-ve-degisim\\\/#breadcrumb\",\"itemListElement\":[{\"@type\":\"ListItem\",\"position\":1,\"name\":\"Anasayfa\",\"item\":\"https:\\\/\\\/balecca.com\\\/tr\\\/\"},{\"@type\":\"ListItem\",\"position\":2,\"name\":\"\u0130ade ve De\u011fi\u015fim\"}]},{\"@type\":\"WebSite\",\"@id\":\"https:\\\/\\\/balecca.com\\\/tr\\\/#website\",\"url\":\"https:\\\/\\\/balecca.com\\\/tr\\\/\",\"name\":\"Balecca Ayakab\u0131\",\"description\":\"Ayakkab\u0131, Aksesuar, Erkek Ayakkab\u0131, Kad\u0131n Ayakkab\u0131\",\"publisher\":{\"@id\":\"https:\\\/\\\/balecca.com\\\/tr\\\/#organization\"},\"potentialAction\":[{\"@type\":\"SearchAction\",\"target\":{\"@type\":\"EntryPoint\",\"urlTemplate\":\"https:\\\/\\\/balecca.com\\\/tr\\\/?s={search_term_string}\"},\"query-input\":{\"@type\":\"PropertyValueSpecification\",\"valueRequired\":true,\"valueName\":\"search_term_string\"}}],\"inLanguage\":\"tr\"},{\"@type\":\"Organization\",\"@id\":\"https:\\\/\\\/balecca.com\\\/tr\\\/#organization\",\"name\":\"Balecca Ayakab\u0131\",\"url\":\"https:\\\/\\\/balecca.com\\\/tr\\\/\",\"logo\":{\"@type\":\"ImageObject\",\"inLanguage\":\"tr\",\"@id\":\"https:\\\/\\\/balecca.com\\\/tr\\\/#\\\/schema\\\/logo\\\/image\\\/\",\"url\":\"https:\\\/\\\/balecca.com\\\/tr\\\/wp-content\\\/uploads\\\/2022\\\/12\\\/cropped-VIELSIS.png\",\"contentUrl\":\"https:\\\/\\\/balecca.com\\\/tr\\\/wp-content\\\/uploads\\\/2022\\\/12\\\/cropped-VIELSIS.png\",\"width\":563,\"height\":188,\"caption\":\"Balecca Ayakab\u0131\"},\"image\":{\"@id\":\"https:\\\/\\\/balecca.com\\\/tr\\\/#\\\/schema\\\/logo\\\/image\\\/\"},\"sameAs\":[\"https:\\\/\\\/www.instagram.com\\\/balecca_tr\\\/\"]}]}<\/script>\n<!-- \/ Yoast SEO plugin. -->","yoast_head_json":{"title":"\u0130ade ve De\u011fi\u015fim - Balecca Ayakab\u0131","robots":{"index":"index","follow":"follow","max-snippet":"max-snippet:-1","max-image-preview":"max-image-preview:large","max-video-preview":"max-video-preview:-1"},"canonical":"https:\/\/balecca.com\/tr\/iade-ve-degisim\/","og_locale":"tr_TR","og_type":"article","og_title":"\u0130ade ve De\u011fi\u015fim - Balecca Ayakab\u0131","og_description":"Sat\u0131n ald\u0131\u011f\u0131m \u00fcr\u00fcn\u00fc nas\u0131l iade edebilirim? www.balecca.com adresinden sat\u0131n ald\u0131\u011f\u0131n\u0131z \u00fcr\u00fcnleri\u00a0be\u011fenmediyseniz,\u00a0 sipari\u015finizi ald\u0131ktan sonra 30 g\u00fcn i\u00e7inde ma\u011fazalar\u0131m\u0131zdan ya da kargo ile g\u00f6nderim yaparak geri \u00f6deme [\u2026]","og_url":"https:\/\/balecca.com\/tr\/iade-ve-degisim\/","og_site_name":"Balecca Ayakab\u0131","article_modified_time":"2022-12-22T15:33:49+00:00","twitter_card":"summary_large_image","twitter_misc":{"Tahmini okuma s\u00fcresi":"5 dakika"},"schema":{"@context":"https:\/\/schema.org","@graph":[{"@type":"WebPage","@id":"https:\/\/balecca.com\/tr\/iade-ve-degisim\/","url":"https:\/\/balecca.com\/tr\/iade-ve-degisim\/","name":"\u0130ade ve De\u011fi\u015fim - Balecca Ayakab\u0131","isPartOf":{"@id":"https:\/\/balecca.com\/tr\/#website"},"datePublished":"2022-12-22T15:33:46+00:00","dateModified":"2022-12-22T15:33:49+00:00","breadcrumb":{"@id":"https:\/\/balecca.com\/tr\/iade-ve-degisim\/#breadcrumb"},"inLanguage":"tr","potentialAction":[{"@type":"ReadAction","target":["https:\/\/balecca.com\/tr\/iade-ve-degisim\/"]}]},{"@type":"BreadcrumbList","@id":"https:\/\/balecca.com\/tr\/iade-ve-degisim\/#breadcrumb","itemListElement":[{"@type":"ListItem","position":1,"name":"Anasayfa","item":"https:\/\/balecca.com\/tr\/"},{"@type":"ListItem","position":2,"name":"\u0130ade ve De\u011fi\u015fim"}]},{"@type":"WebSite","@id":"https:\/\/balecca.com\/tr\/#website","url":"https:\/\/balecca.com\/tr\/","name":"Balecca Ayakab\u0131","description":"Ayakkab\u0131, Aksesuar, Erkek Ayakkab\u0131, Kad\u0131n Ayakkab\u0131","publisher":{"@id":"https:\/\/balecca.com\/tr\/#organization"},"potentialAction":[{"@type":"SearchAction","target":{"@type":"EntryPoint","urlTemplate":"https:\/\/balecca.com\/tr\/?s={search_term_string}"},"query-input":{"@type":"PropertyValueSpecification","valueRequired":true,"valueName":"search_term_string"}}],"inLanguage":"tr"},{"@type":"Organization","@id":"https:\/\/balecca.com\/tr\/#organization","name":"Balecca Ayakab\u0131","url":"https:\/\/balecca.com\/tr\/","logo":{"@type":"ImageObject","inLanguage":"tr","@id":"https:\/\/balecca.com\/tr\/#\/schema\/logo\/image\/","url":"https:\/\/balecca.com\/tr\/wp-content\/uploads\/2022\/12\/cropped-VIELSIS.png","contentUrl":"https:\/\/balecca.com\/tr\/wp-content\/uploads\/2022\/12\/cropped-VIELSIS.png","width":563,"height":188,"caption":"Balecca Ayakab\u0131"},"image":{"@id":"https:\/\/balecca.com\/tr\/#\/schema\/logo\/image\/"},"sameAs":["https:\/\/www.instagram.com\/balecca_tr\/"]}]}},"jetpack_sharing_enabled":true,"_links":{"self":[{"href":"https:\/\/balecca.com\/tr\/wp-json\/wp\/v2\/pages\/478","targetHints":{"allow":["GET"]}}],"collection":[{"href":"https:\/\/balecca.com\/tr\/wp-json\/wp\/v2\/pages"}],"about":[{"href":"https:\/\/balecca.com\/tr\/wp-json\/wp\/v2\/types\/page"}],"author":[{"embeddable":true,"href":"https:\/\/balecca.com\/tr\/wp-json\/wp\/v2\/users\/1"}],"replies":[{"embeddable":true,"href":"https:\/\/balecca.com\/tr\/wp-json\/wp\/v2\/comments?post=478"}],"version-history":[{"count":1,"href":"https:\/\/balecca.com\/tr\/wp-json\/wp\/v2\/pages\/478\/revisions"}],"predecessor-version":[{"id":479,"href":"https:\/\/balecca.com\/tr\/wp-json\/wp\/v2\/pages\/478\/revisions\/479"}],"wp:attachment":[{"href":"https:\/\/balecca.com\/tr\/wp-json\/wp\/v2\/media?parent=478"}],"curies":[{"name":"wp","href":"https:\/\/api.w.org\/{rel}","templated":true}]}}