{"id":487,"date":"2022-12-22T18:49:42","date_gmt":"2022-12-22T15:49:42","guid":{"rendered":"https:\/\/balecca.com\/tr\/?page_id=487"},"modified":"2022-12-22T18:49:46","modified_gmt":"2022-12-22T15:49:46","slug":"kalite-politikamiz","status":"publish","type":"page","link":"https:\/\/balecca.com\/tr\/kalite-politikamiz\/","title":{"rendered":"Kalite Politikam\u0131z"},"content":{"rendered":"\n<h2 class=\"wp-block-heading\">Ge\u00e7mi\u015ften gelen bilgi ve tecr\u00fcbe ile \u00fcretiyoruz.<\/h2>\n\n\n\n<h6 class=\"wp-block-heading\">\u0130zmir T\u00fcrkiye<\/h6>\n\n\n\n<h4 class=\"wp-block-heading\">2018 Y\u0131l\u0131nda \u0130zmir&#8217;de \u00fcretim fabrikam\u0131z\u0131 kurmu\u015f olsak da ge\u00e7mi\u015ften gelen bilgi ve tecr\u00fcbe ile sizler i\u00e7in \u00fcretiyoruz.<\/h4>\n\n\n\n<h3 class=\"wp-block-heading\">\u00dcretimden size ula\u015fan konfor ve kalite.<\/h3>\n\n\n\n<h4 class=\"wp-block-heading\">Uzun bir ARGE sonucunda sizlere ger\u00e7ek kaliteli \u00fcr\u00fcn\u00fcn nas\u0131l olu\u015ftu\u011funu biliyor ve sunuyoruz.<\/h4>\n\n\n\n<p>Firmam\u0131z 2018 y\u0131l\u0131nda m\u00fc\u015fterilerinin her zaman giyebilecekleri ve her ihtiyac\u0131na uygun ayakkab\u0131lar \u00fcretmek \u00fczere \u0130zmir&#8217;de faaliyete ba\u015flam\u0131\u015ft\u0131r.<\/p>\n\n\n\n<p>\u00dcretime ba\u015flad\u0131\u011f\u0131 g\u00fcnden itibaren piyasada ciddi bir oyuncu olarak yer edinen Balecca Shoes \u015fimdiye kadar bir \u00e7ok farkl\u0131 model ayakkab\u0131 \u00fcreterek ad\u0131n\u0131 zihinlere kaz\u0131m\u0131\u015ft\u0131r.<\/p>\n\n\n\n<figure class=\"wp-block-image\"><img decoding=\"async\" src=\"https:\/\/balecca.com\/tr\/wp-content\/uploads\/2022\/12\/Adsiz-tasarim.png\" alt=\"\"\/><\/figure>\n","protected":false},"excerpt":{"rendered":"<p>Ge\u00e7mi\u015ften gelen bilgi ve tecr\u00fcbe ile \u00fcretiyoruz. \u0130zmir T\u00fcrkiye 2018 Y\u0131l\u0131nda \u0130zmir&#8217;de \u00fcretim fabrikam\u0131z\u0131 kurmu\u015f olsak da ge\u00e7mi\u015ften gelen bilgi ve tecr\u00fcbe ile sizler i\u00e7in \u00fcretiyoruz.<span class=\"excerpt-hellip\"> [\u2026]<\/span><\/p>\n","protected":false},"author":1,"featured_media":0,"parent":0,"menu_order":0,"comment_status":"closed","ping_status":"closed","template":"","meta":{"footnotes":""},"class_list":["post-487","page","type-page","status-publish","hentry"],"yoast_head":"<!-- This site is optimized with the Yoast SEO plugin v27.3 - https:\/\/yoast.com\/product\/yoast-seo-wordpress\/ -->\n<title>Kalite Politikam\u0131z - Balecca Ayakab\u0131<\/title>\n<meta name=\"robots\" content=\"index, follow, max-snippet:-1, max-image-preview:large, max-video-preview:-1\" \/>\n<link rel=\"canonical\" href=\"https:\/\/balecca.com\/tr\/kalite-politikamiz\/\" \/>\n<meta property=\"og:locale\" content=\"tr_TR\" \/>\n<meta property=\"og:type\" content=\"article\" \/>\n<meta property=\"og:title\" content=\"Kalite Politikam\u0131z - Balecca Ayakab\u0131\" \/>\n<meta property=\"og:description\" content=\"Ge\u00e7mi\u015ften gelen bilgi ve tecr\u00fcbe ile \u00fcretiyoruz. \u0130zmir T\u00fcrkiye 2018 Y\u0131l\u0131nda \u0130zmir&#8217;de \u00fcretim fabrikam\u0131z\u0131 kurmu\u015f olsak da ge\u00e7mi\u015ften gelen bilgi ve tecr\u00fcbe ile sizler i\u00e7in \u00fcretiyoruz. [\u2026]\" \/>\n<meta property=\"og:url\" content=\"https:\/\/balecca.com\/tr\/kalite-politikamiz\/\" \/>\n<meta property=\"og:site_name\" content=\"Balecca Ayakab\u0131\" \/>\n<meta property=\"article:modified_time\" content=\"2022-12-22T15:49:46+00:00\" \/>\n<meta property=\"og:image\" content=\"https:\/\/balecca.com\/tr\/wp-content\/uploads\/2022\/12\/Adsiz-tasarim.png\" \/>\n<meta name=\"twitter:card\" content=\"summary_large_image\" \/>\n<meta name=\"twitter:label1\" content=\"Tahmini okuma s\u00fcresi\" \/>\n\t<meta name=\"twitter:data1\" content=\"1 dakika\" \/>\n<script type=\"application\/ld+json\" class=\"yoast-schema-graph\">{\"@context\":\"https:\\\/\\\/schema.org\",\"@graph\":[{\"@type\":\"WebPage\",\"@id\":\"https:\\\/\\\/balecca.com\\\/tr\\\/kalite-politikamiz\\\/\",\"url\":\"https:\\\/\\\/balecca.com\\\/tr\\\/kalite-politikamiz\\\/\",\"name\":\"Kalite Politikam\u0131z - Balecca Ayakab\u0131\",\"isPartOf\":{\"@id\":\"https:\\\/\\\/balecca.com\\\/tr\\\/#website\"},\"primaryImageOfPage\":{\"@id\":\"https:\\\/\\\/balecca.com\\\/tr\\\/kalite-politikamiz\\\/#primaryimage\"},\"image\":{\"@id\":\"https:\\\/\\\/balecca.com\\\/tr\\\/kalite-politikamiz\\\/#primaryimage\"},\"thumbnailUrl\":\"https:\\\/\\\/balecca.com\\\/tr\\\/wp-content\\\/uploads\\\/2022\\\/12\\\/Adsiz-tasarim.png\",\"datePublished\":\"2022-12-22T15:49:42+00:00\",\"dateModified\":\"2022-12-22T15:49:46+00:00\",\"breadcrumb\":{\"@id\":\"https:\\\/\\\/balecca.com\\\/tr\\\/kalite-politikamiz\\\/#breadcrumb\"},\"inLanguage\":\"tr\",\"potentialAction\":[{\"@type\":\"ReadAction\",\"target\":[\"https:\\\/\\\/balecca.com\\\/tr\\\/kalite-politikamiz\\\/\"]}]},{\"@type\":\"ImageObject\",\"inLanguage\":\"tr\",\"@id\":\"https:\\\/\\\/balecca.com\\\/tr\\\/kalite-politikamiz\\\/#primaryimage\",\"url\":\"https:\\\/\\\/balecca.com\\\/tr\\\/wp-content\\\/uploads\\\/2022\\\/12\\\/Adsiz-tasarim.png\",\"contentUrl\":\"https:\\\/\\\/balecca.com\\\/tr\\\/wp-content\\\/uploads\\\/2022\\\/12\\\/Adsiz-tasarim.png\",\"width\":780,\"height\":806},{\"@type\":\"BreadcrumbList\",\"@id\":\"https:\\\/\\\/balecca.com\\\/tr\\\/kalite-politikamiz\\\/#breadcrumb\",\"itemListElement\":[{\"@type\":\"ListItem\",\"position\":1,\"name\":\"Anasayfa\",\"item\":\"https:\\\/\\\/balecca.com\\\/tr\\\/\"},{\"@type\":\"ListItem\",\"position\":2,\"name\":\"Kalite Politikam\u0131z\"}]},{\"@type\":\"WebSite\",\"@id\":\"https:\\\/\\\/balecca.com\\\/tr\\\/#website\",\"url\":\"https:\\\/\\\/balecca.com\\\/tr\\\/\",\"name\":\"Balecca Ayakab\u0131\",\"description\":\"Ayakkab\u0131, Aksesuar, Erkek Ayakkab\u0131, Kad\u0131n Ayakkab\u0131\",\"publisher\":{\"@id\":\"https:\\\/\\\/balecca.com\\\/tr\\\/#organization\"},\"potentialAction\":[{\"@type\":\"SearchAction\",\"target\":{\"@type\":\"EntryPoint\",\"urlTemplate\":\"https:\\\/\\\/balecca.com\\\/tr\\\/?s={search_term_string}\"},\"query-input\":{\"@type\":\"PropertyValueSpecification\",\"valueRequired\":true,\"valueName\":\"search_term_string\"}}],\"inLanguage\":\"tr\"},{\"@type\":\"Organization\",\"@id\":\"https:\\\/\\\/balecca.com\\\/tr\\\/#organization\",\"name\":\"Balecca Ayakab\u0131\",\"url\":\"https:\\\/\\\/balecca.com\\\/tr\\\/\",\"logo\":{\"@type\":\"ImageObject\",\"inLanguage\":\"tr\",\"@id\":\"https:\\\/\\\/balecca.com\\\/tr\\\/#\\\/schema\\\/logo\\\/image\\\/\",\"url\":\"https:\\\/\\\/balecca.com\\\/tr\\\/wp-content\\\/uploads\\\/2022\\\/12\\\/cropped-VIELSIS.png\",\"contentUrl\":\"https:\\\/\\\/balecca.com\\\/tr\\\/wp-content\\\/uploads\\\/2022\\\/12\\\/cropped-VIELSIS.png\",\"width\":563,\"height\":188,\"caption\":\"Balecca Ayakab\u0131\"},\"image\":{\"@id\":\"https:\\\/\\\/balecca.com\\\/tr\\\/#\\\/schema\\\/logo\\\/image\\\/\"},\"sameAs\":[\"https:\\\/\\\/www.instagram.com\\\/balecca_tr\\\/\"]}]}<\/script>\n<!-- \/ Yoast SEO plugin. -->","yoast_head_json":{"title":"Kalite Politikam\u0131z - Balecca Ayakab\u0131","robots":{"index":"index","follow":"follow","max-snippet":"max-snippet:-1","max-image-preview":"max-image-preview:large","max-video-preview":"max-video-preview:-1"},"canonical":"https:\/\/balecca.com\/tr\/kalite-politikamiz\/","og_locale":"tr_TR","og_type":"article","og_title":"Kalite Politikam\u0131z - Balecca Ayakab\u0131","og_description":"Ge\u00e7mi\u015ften gelen bilgi ve tecr\u00fcbe ile \u00fcretiyoruz. \u0130zmir T\u00fcrkiye 2018 Y\u0131l\u0131nda \u0130zmir&#8217;de \u00fcretim fabrikam\u0131z\u0131 kurmu\u015f olsak da ge\u00e7mi\u015ften gelen bilgi ve tecr\u00fcbe ile sizler i\u00e7in \u00fcretiyoruz. [\u2026]","og_url":"https:\/\/balecca.com\/tr\/kalite-politikamiz\/","og_site_name":"Balecca Ayakab\u0131","article_modified_time":"2022-12-22T15:49:46+00:00","og_image":[{"url":"https:\/\/balecca.com\/tr\/wp-content\/uploads\/2022\/12\/Adsiz-tasarim.png","type":"","width":"","height":""}],"twitter_card":"summary_large_image","twitter_misc":{"Tahmini okuma s\u00fcresi":"1 dakika"},"schema":{"@context":"https:\/\/schema.org","@graph":[{"@type":"WebPage","@id":"https:\/\/balecca.com\/tr\/kalite-politikamiz\/","url":"https:\/\/balecca.com\/tr\/kalite-politikamiz\/","name":"Kalite Politikam\u0131z - Balecca Ayakab\u0131","isPartOf":{"@id":"https:\/\/balecca.com\/tr\/#website"},"primaryImageOfPage":{"@id":"https:\/\/balecca.com\/tr\/kalite-politikamiz\/#primaryimage"},"image":{"@id":"https:\/\/balecca.com\/tr\/kalite-politikamiz\/#primaryimage"},"thumbnailUrl":"https:\/\/balecca.com\/tr\/wp-content\/uploads\/2022\/12\/Adsiz-tasarim.png","datePublished":"2022-12-22T15:49:42+00:00","dateModified":"2022-12-22T15:49:46+00:00","breadcrumb":{"@id":"https:\/\/balecca.com\/tr\/kalite-politikamiz\/#breadcrumb"},"inLanguage":"tr","potentialAction":[{"@type":"ReadAction","target":["https:\/\/balecca.com\/tr\/kalite-politikamiz\/"]}]},{"@type":"ImageObject","inLanguage":"tr","@id":"https:\/\/balecca.com\/tr\/kalite-politikamiz\/#primaryimage","url":"https:\/\/balecca.com\/tr\/wp-content\/uploads\/2022\/12\/Adsiz-tasarim.png","contentUrl":"https:\/\/balecca.com\/tr\/wp-content\/uploads\/2022\/12\/Adsiz-tasarim.png","width":780,"height":806},{"@type":"BreadcrumbList","@id":"https:\/\/balecca.com\/tr\/kalite-politikamiz\/#breadcrumb","itemListElement":[{"@type":"ListItem","position":1,"name":"Anasayfa","item":"https:\/\/balecca.com\/tr\/"},{"@type":"ListItem","position":2,"name":"Kalite Politikam\u0131z"}]},{"@type":"WebSite","@id":"https:\/\/balecca.com\/tr\/#website","url":"https:\/\/balecca.com\/tr\/","name":"Balecca Ayakab\u0131","description":"Ayakkab\u0131, Aksesuar, Erkek Ayakkab\u0131, Kad\u0131n Ayakkab\u0131","publisher":{"@id":"https:\/\/balecca.com\/tr\/#organization"},"potentialAction":[{"@type":"SearchAction","target":{"@type":"EntryPoint","urlTemplate":"https:\/\/balecca.com\/tr\/?s={search_term_string}"},"query-input":{"@type":"PropertyValueSpecification","valueRequired":true,"valueName":"search_term_string"}}],"inLanguage":"tr"},{"@type":"Organization","@id":"https:\/\/balecca.com\/tr\/#organization","name":"Balecca Ayakab\u0131","url":"https:\/\/balecca.com\/tr\/","logo":{"@type":"ImageObject","inLanguage":"tr","@id":"https:\/\/balecca.com\/tr\/#\/schema\/logo\/image\/","url":"https:\/\/balecca.com\/tr\/wp-content\/uploads\/2022\/12\/cropped-VIELSIS.png","contentUrl":"https:\/\/balecca.com\/tr\/wp-content\/uploads\/2022\/12\/cropped-VIELSIS.png","width":563,"height":188,"caption":"Balecca Ayakab\u0131"},"image":{"@id":"https:\/\/balecca.com\/tr\/#\/schema\/logo\/image\/"},"sameAs":["https:\/\/www.instagram.com\/balecca_tr\/"]}]}},"jetpack_sharing_enabled":true,"_links":{"self":[{"href":"https:\/\/balecca.com\/tr\/wp-json\/wp\/v2\/pages\/487","targetHints":{"allow":["GET"]}}],"collection":[{"href":"https:\/\/balecca.com\/tr\/wp-json\/wp\/v2\/pages"}],"about":[{"href":"https:\/\/balecca.com\/tr\/wp-json\/wp\/v2\/types\/page"}],"author":[{"embeddable":true,"href":"https:\/\/balecca.com\/tr\/wp-json\/wp\/v2\/users\/1"}],"replies":[{"embeddable":true,"href":"https:\/\/balecca.com\/tr\/wp-json\/wp\/v2\/comments?post=487"}],"version-history":[{"count":1,"href":"https:\/\/balecca.com\/tr\/wp-json\/wp\/v2\/pages\/487\/revisions"}],"predecessor-version":[{"id":488,"href":"https:\/\/balecca.com\/tr\/wp-json\/wp\/v2\/pages\/487\/revisions\/488"}],"wp:attachment":[{"href":"https:\/\/balecca.com\/tr\/wp-json\/wp\/v2\/media?parent=487"}],"curies":[{"name":"wp","href":"https:\/\/api.w.org\/{rel}","templated":true}]}}