{"id":605,"date":"2023-02-14T15:11:23","date_gmt":"2023-02-14T12:11:23","guid":{"rendered":"https:\/\/balecca.com\/tr\/?post_type=product&#038;p=605"},"modified":"2025-10-23T12:21:22","modified_gmt":"2025-10-23T09:21:22","slug":"788000-306-mavi-deri","status":"publish","type":"product","link":"https:\/\/balecca.com\/tr\/urun\/788000-306-mavi-deri\/","title":{"rendered":"MAV\u0130 DER\u0130 788000-306"},"content":{"rendered":"<p>MAV\u0130 DER\u0130 788000-306<\/p>\n<p>TESL\u0130M S\u00dcRES\u0130 5-10 \u0130\u015e G\u00dcN\u00dcD\u00dcR.<\/p>\n","protected":false},"excerpt":{"rendered":"<p>Teslim s\u00fcresi 5-10 i\u015f g\u00fcn\u00fcd\u00fcr.<\/p>\n","protected":false},"featured_media":606,"comment_status":"open","ping_status":"closed","template":"","meta":[],"product_brand":[],"product_cat":[36,67],"product_tag":[],"class_list":{"0":"post-605","1":"product","2":"type-product","3":"status-publish","4":"has-post-thumbnail","6":"product_cat-erkek","7":"product_cat-gunluk","9":"first","10":"instock","11":"shipping-taxable","12":"purchasable","13":"product-type-variable"},"yoast_head":"<!-- This site is optimized with the Yoast SEO plugin v27.3 - https:\/\/yoast.com\/product\/yoast-seo-wordpress\/ -->\n<title>MAV\u0130 DER\u0130 788000-306 - Balecca Ayakab\u0131<\/title>\n<meta name=\"description\" content=\"mavi-deri\" \/>\n<meta name=\"robots\" content=\"index, follow, max-snippet:-1, max-image-preview:large, max-video-preview:-1\" \/>\n<link rel=\"canonical\" href=\"https:\/\/balecca.com\/tr\/urun\/788000-306-mavi-deri\/\" \/>\n<meta property=\"og:locale\" content=\"tr_TR\" \/>\n<meta property=\"og:type\" content=\"article\" \/>\n<meta property=\"og:title\" content=\"MAV\u0130 DER\u0130 788000-306 - Balecca Ayakab\u0131\" \/>\n<meta property=\"og:description\" content=\"mavi-deri\" \/>\n<meta property=\"og:url\" content=\"https:\/\/balecca.com\/tr\/urun\/788000-306-mavi-deri\/\" \/>\n<meta property=\"og:site_name\" content=\"Balecca Ayakab\u0131\" \/>\n<meta property=\"article:modified_time\" content=\"2025-10-23T09:21:22+00:00\" \/>\n<meta property=\"og:image\" content=\"https:\/\/balecca.com\/tr\/wp-content\/uploads\/2023\/02\/6a.jpg\" \/>\n\t<meta property=\"og:image:width\" content=\"640\" \/>\n\t<meta property=\"og:image:height\" content=\"480\" \/>\n\t<meta property=\"og:image:type\" content=\"image\/jpeg\" \/>\n<meta name=\"twitter:card\" content=\"summary_large_image\" \/>\n<meta name=\"twitter:label1\" content=\"Tahmini okuma s\u00fcresi\" \/>\n\t<meta name=\"twitter:data1\" content=\"1 dakika\" \/>\n<script type=\"application\/ld+json\" class=\"yoast-schema-graph\">{\"@context\":\"https:\\\/\\\/schema.org\",\"@graph\":[{\"@type\":\"WebPage\",\"@id\":\"https:\\\/\\\/balecca.com\\\/tr\\\/urun\\\/788000-306-mavi-deri\\\/\",\"url\":\"https:\\\/\\\/balecca.com\\\/tr\\\/urun\\\/788000-306-mavi-deri\\\/\",\"name\":\"MAV\u0130 DER\u0130 788000-306 - Balecca Ayakab\u0131\",\"isPartOf\":{\"@id\":\"https:\\\/\\\/balecca.com\\\/tr\\\/#website\"},\"primaryImageOfPage\":{\"@id\":\"https:\\\/\\\/balecca.com\\\/tr\\\/urun\\\/788000-306-mavi-deri\\\/#primaryimage\"},\"image\":{\"@id\":\"https:\\\/\\\/balecca.com\\\/tr\\\/urun\\\/788000-306-mavi-deri\\\/#primaryimage\"},\"thumbnailUrl\":\"https:\\\/\\\/balecca.com\\\/tr\\\/wp-content\\\/uploads\\\/2023\\\/02\\\/6a.jpg\",\"datePublished\":\"2023-02-14T12:11:23+00:00\",\"dateModified\":\"2025-10-23T09:21:22+00:00\",\"description\":\"mavi-deri\",\"breadcrumb\":{\"@id\":\"https:\\\/\\\/balecca.com\\\/tr\\\/urun\\\/788000-306-mavi-deri\\\/#breadcrumb\"},\"inLanguage\":\"tr\",\"potentialAction\":[{\"@type\":\"ReadAction\",\"target\":[\"https:\\\/\\\/balecca.com\\\/tr\\\/urun\\\/788000-306-mavi-deri\\\/\"]}]},{\"@type\":\"ImageObject\",\"inLanguage\":\"tr\",\"@id\":\"https:\\\/\\\/balecca.com\\\/tr\\\/urun\\\/788000-306-mavi-deri\\\/#primaryimage\",\"url\":\"https:\\\/\\\/balecca.com\\\/tr\\\/wp-content\\\/uploads\\\/2023\\\/02\\\/6a.jpg\",\"contentUrl\":\"https:\\\/\\\/balecca.com\\\/tr\\\/wp-content\\\/uploads\\\/2023\\\/02\\\/6a.jpg\",\"width\":640,\"height\":480},{\"@type\":\"BreadcrumbList\",\"@id\":\"https:\\\/\\\/balecca.com\\\/tr\\\/urun\\\/788000-306-mavi-deri\\\/#breadcrumb\",\"itemListElement\":[{\"@type\":\"ListItem\",\"position\":1,\"name\":\"Anasayfa\",\"item\":\"https:\\\/\\\/balecca.com\\\/tr\\\/\"},{\"@type\":\"ListItem\",\"position\":2,\"name\":\"Shop\",\"item\":\"https:\\\/\\\/balecca.com\\\/tr\\\/shop\\\/\"},{\"@type\":\"ListItem\",\"position\":3,\"name\":\"MAV\u0130 DER\u0130 788000-306\"}]},{\"@type\":\"WebSite\",\"@id\":\"https:\\\/\\\/balecca.com\\\/tr\\\/#website\",\"url\":\"https:\\\/\\\/balecca.com\\\/tr\\\/\",\"name\":\"Balecca Ayakab\u0131\",\"description\":\"Ayakkab\u0131, Aksesuar, Erkek Ayakkab\u0131, Kad\u0131n Ayakkab\u0131\",\"publisher\":{\"@id\":\"https:\\\/\\\/balecca.com\\\/tr\\\/#organization\"},\"potentialAction\":[{\"@type\":\"SearchAction\",\"target\":{\"@type\":\"EntryPoint\",\"urlTemplate\":\"https:\\\/\\\/balecca.com\\\/tr\\\/?s={search_term_string}\"},\"query-input\":{\"@type\":\"PropertyValueSpecification\",\"valueRequired\":true,\"valueName\":\"search_term_string\"}}],\"inLanguage\":\"tr\"},{\"@type\":\"Organization\",\"@id\":\"https:\\\/\\\/balecca.com\\\/tr\\\/#organization\",\"name\":\"Balecca Ayakab\u0131\",\"url\":\"https:\\\/\\\/balecca.com\\\/tr\\\/\",\"logo\":{\"@type\":\"ImageObject\",\"inLanguage\":\"tr\",\"@id\":\"https:\\\/\\\/balecca.com\\\/tr\\\/#\\\/schema\\\/logo\\\/image\\\/\",\"url\":\"https:\\\/\\\/balecca.com\\\/tr\\\/wp-content\\\/uploads\\\/2022\\\/12\\\/cropped-VIELSIS.png\",\"contentUrl\":\"https:\\\/\\\/balecca.com\\\/tr\\\/wp-content\\\/uploads\\\/2022\\\/12\\\/cropped-VIELSIS.png\",\"width\":563,\"height\":188,\"caption\":\"Balecca Ayakab\u0131\"},\"image\":{\"@id\":\"https:\\\/\\\/balecca.com\\\/tr\\\/#\\\/schema\\\/logo\\\/image\\\/\"},\"sameAs\":[\"https:\\\/\\\/www.instagram.com\\\/balecca_tr\\\/\"]}]}<\/script>\n<!-- \/ Yoast SEO plugin. -->","yoast_head_json":{"title":"MAV\u0130 DER\u0130 788000-306 - Balecca Ayakab\u0131","description":"mavi-deri","robots":{"index":"index","follow":"follow","max-snippet":"max-snippet:-1","max-image-preview":"max-image-preview:large","max-video-preview":"max-video-preview:-1"},"canonical":"https:\/\/balecca.com\/tr\/urun\/788000-306-mavi-deri\/","og_locale":"tr_TR","og_type":"article","og_title":"MAV\u0130 DER\u0130 788000-306 - Balecca Ayakab\u0131","og_description":"mavi-deri","og_url":"https:\/\/balecca.com\/tr\/urun\/788000-306-mavi-deri\/","og_site_name":"Balecca Ayakab\u0131","article_modified_time":"2025-10-23T09:21:22+00:00","og_image":[{"width":640,"height":480,"url":"https:\/\/balecca.com\/tr\/wp-content\/uploads\/2023\/02\/6a.jpg","type":"image\/jpeg"}],"twitter_card":"summary_large_image","twitter_misc":{"Tahmini okuma s\u00fcresi":"1 dakika"},"schema":{"@context":"https:\/\/schema.org","@graph":[{"@type":"WebPage","@id":"https:\/\/balecca.com\/tr\/urun\/788000-306-mavi-deri\/","url":"https:\/\/balecca.com\/tr\/urun\/788000-306-mavi-deri\/","name":"MAV\u0130 DER\u0130 788000-306 - Balecca Ayakab\u0131","isPartOf":{"@id":"https:\/\/balecca.com\/tr\/#website"},"primaryImageOfPage":{"@id":"https:\/\/balecca.com\/tr\/urun\/788000-306-mavi-deri\/#primaryimage"},"image":{"@id":"https:\/\/balecca.com\/tr\/urun\/788000-306-mavi-deri\/#primaryimage"},"thumbnailUrl":"https:\/\/balecca.com\/tr\/wp-content\/uploads\/2023\/02\/6a.jpg","datePublished":"2023-02-14T12:11:23+00:00","dateModified":"2025-10-23T09:21:22+00:00","description":"mavi-deri","breadcrumb":{"@id":"https:\/\/balecca.com\/tr\/urun\/788000-306-mavi-deri\/#breadcrumb"},"inLanguage":"tr","potentialAction":[{"@type":"ReadAction","target":["https:\/\/balecca.com\/tr\/urun\/788000-306-mavi-deri\/"]}]},{"@type":"ImageObject","inLanguage":"tr","@id":"https:\/\/balecca.com\/tr\/urun\/788000-306-mavi-deri\/#primaryimage","url":"https:\/\/balecca.com\/tr\/wp-content\/uploads\/2023\/02\/6a.jpg","contentUrl":"https:\/\/balecca.com\/tr\/wp-content\/uploads\/2023\/02\/6a.jpg","width":640,"height":480},{"@type":"BreadcrumbList","@id":"https:\/\/balecca.com\/tr\/urun\/788000-306-mavi-deri\/#breadcrumb","itemListElement":[{"@type":"ListItem","position":1,"name":"Anasayfa","item":"https:\/\/balecca.com\/tr\/"},{"@type":"ListItem","position":2,"name":"Shop","item":"https:\/\/balecca.com\/tr\/shop\/"},{"@type":"ListItem","position":3,"name":"MAV\u0130 DER\u0130 788000-306"}]},{"@type":"WebSite","@id":"https:\/\/balecca.com\/tr\/#website","url":"https:\/\/balecca.com\/tr\/","name":"Balecca Ayakab\u0131","description":"Ayakkab\u0131, Aksesuar, Erkek Ayakkab\u0131, Kad\u0131n Ayakkab\u0131","publisher":{"@id":"https:\/\/balecca.com\/tr\/#organization"},"potentialAction":[{"@type":"SearchAction","target":{"@type":"EntryPoint","urlTemplate":"https:\/\/balecca.com\/tr\/?s={search_term_string}"},"query-input":{"@type":"PropertyValueSpecification","valueRequired":true,"valueName":"search_term_string"}}],"inLanguage":"tr"},{"@type":"Organization","@id":"https:\/\/balecca.com\/tr\/#organization","name":"Balecca Ayakab\u0131","url":"https:\/\/balecca.com\/tr\/","logo":{"@type":"ImageObject","inLanguage":"tr","@id":"https:\/\/balecca.com\/tr\/#\/schema\/logo\/image\/","url":"https:\/\/balecca.com\/tr\/wp-content\/uploads\/2022\/12\/cropped-VIELSIS.png","contentUrl":"https:\/\/balecca.com\/tr\/wp-content\/uploads\/2022\/12\/cropped-VIELSIS.png","width":563,"height":188,"caption":"Balecca Ayakab\u0131"},"image":{"@id":"https:\/\/balecca.com\/tr\/#\/schema\/logo\/image\/"},"sameAs":["https:\/\/www.instagram.com\/balecca_tr\/"]}]}},"jetpack_sharing_enabled":true,"_links":{"self":[{"href":"https:\/\/balecca.com\/tr\/wp-json\/wp\/v2\/product\/605","targetHints":{"allow":["GET"]}}],"collection":[{"href":"https:\/\/balecca.com\/tr\/wp-json\/wp\/v2\/product"}],"about":[{"href":"https:\/\/balecca.com\/tr\/wp-json\/wp\/v2\/types\/product"}],"replies":[{"embeddable":true,"href":"https:\/\/balecca.com\/tr\/wp-json\/wp\/v2\/comments?post=605"}],"version-history":[{"count":5,"href":"https:\/\/balecca.com\/tr\/wp-json\/wp\/v2\/product\/605\/revisions"}],"predecessor-version":[{"id":1125,"href":"https:\/\/balecca.com\/tr\/wp-json\/wp\/v2\/product\/605\/revisions\/1125"}],"wp:featuredmedia":[{"embeddable":true,"href":"https:\/\/balecca.com\/tr\/wp-json\/wp\/v2\/media\/606"}],"wp:attachment":[{"href":"https:\/\/balecca.com\/tr\/wp-json\/wp\/v2\/media?parent=605"}],"wp:term":[{"taxonomy":"product_brand","embeddable":true,"href":"https:\/\/balecca.com\/tr\/wp-json\/wp\/v2\/product_brand?post=605"},{"taxonomy":"product_cat","embeddable":true,"href":"https:\/\/balecca.com\/tr\/wp-json\/wp\/v2\/product_cat?post=605"},{"taxonomy":"product_tag","embeddable":true,"href":"https:\/\/balecca.com\/tr\/wp-json\/wp\/v2\/product_tag?post=605"}],"curies":[{"name":"wp","href":"https:\/\/api.w.org\/{rel}","templated":true}]}}